{"id":998,"date":"2013-09-25T13:37:18","date_gmt":"2013-09-25T10:37:18","guid":{"rendered":"https:\/\/www.hssaatio.fi\/apurahan-hakemuslomake-2\/"},"modified":"2023-06-07T10:49:23","modified_gmt":"2023-06-07T07:49:23","slug":"grants_application","status":"publish","type":"page","link":"https:\/\/www.hssaatio.fi\/en\/grants_application\/","title":{"rendered":"Grants Application"},"content":{"rendered":"<div class=\"wpb-content-wrapper\"><p>[vc_row][vc_column width=&#8221;1\/4&#8243;][\/vc_column][vc_column width=&#8221;1\/2&#8243;][vc_column_text]<\/p>\n<p style=\"text-align: center;\"><em>The Helsingin\u00a0Sanomat Foundation distributes grants throughout the year.<b> <\/b>Decisions are made twice a year and the outcome is informed via the grant application system.<\/em><\/p>\n<p>[\/vc_column_text][\/vc_column][vc_column width=&#8221;1\/4&#8243;][\/vc_column][\/vc_row][vc_row][vc_column]<div data-id=\"mpc_divider-7169e4c01244561\" class=\"mpc-divider-wrap\"><div class=\"mpc-divider mpc-init mpc-align--center \" ><div class=\"mpc-divider__line mpc-side--left\"><span><\/span><\/div><div class=\"mpc-divider__separator\"><div class=\"mpc-divider__content mpc-typography--mpc_preset_1\">How to apply grants<\/div><\/div><div class=\"mpc-divider__line mpc-side--right\"><span><\/span><\/div><\/div><\/div>[\/vc_column][\/vc_row][vc_row el_class=&#8221;lista&#8221;][vc_column width=&#8221;2\/3&#8243; el_class=&#8221;basic&#8221;][vc_row_inner el_id=&#8221;basic&#8221;][vc_column_inner][vc_column_text]<\/p>\n<h2>Basic information about grants<\/h2>\n<p>The Helsingin Sanomat Foundation has launched a two-phase-application process. In the first phase, the applicant submits a concept paper in maximum of three pages. The concept paper should provide key details about the research, such as the research question, purpose, methods, and research group as well as the length of the research period and amount applied.<\/p>\n<p>Based on the concept papers, The Foundation selects the most promising projects to the second phase. Those selected, are asked to submit a detailed grant application including research plan, budget, and other relevant attachments.<\/p>\n<p>The Foundation welcomes concept papers related to research on media, communications, and freedom of speech.<\/p>\n<p>The Helsingin Sanomat Foundation arranges directed calls on regular basis.<\/p>\n<p>In addition, the Foundation awards fellowships to Finnish mid-career journalists to enable them to study at top universities abroad.[\/vc_column_text][\/vc_column_inner][\/vc_row_inner][vc_row_inner el_id=&#8221;Assessment&#8221;][vc_column_inner][vc_column_text]<\/p>\n<h2>Assessment of the application<\/h2>\n<p>The applications are assessed by the following evaluation criteria: innovativeness, novelty value, outcome to the academic community, media and society, clarity and feasibility of the research plan, use of funding as well as skills and resources of the research group. Also interdisciplinarity, international cooperation and cooperation between different organizations may be used as evaluation criteria.<\/p>\n<p>Applications may also be sent for evaluation to the members of the scientific committee.[\/vc_column_text][\/vc_column_inner][\/vc_row_inner][vc_row_inner el_id=&#8221;application&#8221;][vc_column_inner][vc_column_text]<\/p>\n<h2>Application form<\/h2>\n<p>The Helsingin Sanomat Foundation uses an electronic <a href=\"https:\/\/www.apurahat.net\/hssaatio\/\" target=\"_blank\" rel=\"noopener noreferrer\">grant application system<\/a> to handle grant applications. All the applications are to be sent via the electronic system only. Through the system you can submit grant applications and requests for payment, report the progress of the research projects and use of funding and update your contact information.<\/p>\n<p>To log\u00a0in the system, you need an e-mail address and a password. Application can be found:\u00a0<a href=\"https:\/\/www.apurahat.net\/hssaatio\/\">https:\/\/www.apurahat.net\/hssaatio\/<\/a>.\u00a0When you have logged in the system, you can see your unfinished applications, active projects, reports, project history and pending actions listed on the main page. The main page is empty if you have not used the system earlier. On the front page you can also see current information regarding grants.<\/p>\n<p>To make a new grant application, click the <em>Make an application<\/em> button. An application will always get a new project number. You can modify an unfinished application through the main page. The electronic applications with attachments are sent to the Foundation by clicking the <em>Send<\/em> button. You cannot modify the application after this. Immediately after submission you will get a confirmation by e-mail.<\/p>\n<p>Grant applications are also evaluated by the Scientific Board and other experts. Decisions are informed through the electronic grant application system. The funded projects are also posted at the Foundation\u00b4s website and published in the annual report.<\/p>\n<p>[\/vc_column_text][\/vc_column_inner][\/vc_row_inner][vc_row_inner el_id=&#8221;attachments&#8221;][vc_column_inner][vc_column_text]<\/p>\n<h2>Attachments<\/h2>\n<p>Obligatory attachments are research plan, CV of the head of research, list of publications of the head of research and detailed budget. CV should not be longer than two pages and the list of publications only from the last five calender years. Attachments must be in pdf-format. The largest allowed file size is 2 megabytes.[\/vc_column_text][\/vc_column_inner][\/vc_row_inner][vc_row_inner el_id=&#8221;references&#8221;][vc_column_inner][vc_column_text]<\/p>\n<h2>References<\/h2>\n<p>The contact information of the referees can be\u00a0 given by the electronic grant application system or the references can also be sent directly to the Foundation office. References are not required.[\/vc_column_text][\/vc_column_inner][\/vc_row_inner][\/vc_column][vc_column width=&#8221;1\/3&#8243; enable_sticky=&#8221;true&#8221; sticky_offset=&#8221;150&#8243; el_class=&#8221;sivunavi&#8221; offset=&#8221;vc_hidden-md vc_hidden-sm vc_hidden-xs&#8221;][vc_column_text]<\/p>\n<p style=\"text-align: left;\"><a href=\"#basic\">Basic information<\/a><\/p>\n<p style=\"text-align: left;\"><a href=\"#Assessment\">Assessment of the application<\/a><\/p>\n<p style=\"text-align: left;\"><a href=\"#application\">Application<\/a><\/p>\n<p style=\"text-align: left;\"><a href=\"#attachments\">Attachments<\/a><\/p>\n<p style=\"text-align: left;\"><a href=\"#references\">References<\/a><\/p>\n<p>[\/vc_column_text][\/vc_column][\/vc_row]<\/p>\n<\/div>","protected":false},"excerpt":{"rendered":"<p>[vc_row][vc_column width=&#8221;1\/4&#8243;][\/vc_column][vc_column width=&#8221;1\/2&#8243;][vc_column_text] The Helsingin\u00a0Sanomat Foundation distributes grants throughout the year. Decisions are made twice a year and the outcome<\/p>\n","protected":false},"author":2,"featured_media":0,"parent":0,"menu_order":0,"comment_status":"closed","ping_status":"closed","template":"","meta":{"_uag_custom_page_level_css":"","site-sidebar-layout":"no-sidebar","site-content-layout":"plain-container","ast-site-content-layout":"default","site-content-style":"default","site-sidebar-style":"default","ast-global-header-display":"","ast-banner-title-visibility":"","ast-main-header-display":"","ast-hfb-above-header-display":"","ast-hfb-below-header-display":"","ast-hfb-mobile-header-display":"","site-post-title":"disabled","ast-breadcrumbs-content":"","ast-featured-img":"disabled","footer-sml-layout":"","ast-disable-related-posts":"","theme-transparent-header-meta":"","adv-header-id-meta":"","stick-header-meta":"","header-above-stick-meta":"","header-main-stick-meta":"","header-below-stick-meta":"","astra-migrate-meta-layouts":"default","ast-page-background-enabled":"default","ast-page-background-meta":{"desktop":{"background-color":"var(--ast-global-color-5)","background-image":"","background-repeat":"repeat","background-position":"center center","background-size":"auto","background-attachment":"scroll","background-type":"","background-media":"","overlay-type":"","overlay-color":"","overlay-opacity":"","overlay-gradient":""},"tablet":{"background-color":"","background-image":"","background-repeat":"repeat","background-position":"center center","background-size":"auto","background-attachment":"scroll","background-type":"","background-media":"","overlay-type":"","overlay-color":"","overlay-opacity":"","overlay-gradient":""},"mobile":{"background-color":"","background-image":"","background-repeat":"repeat","background-position":"center center","background-size":"auto","background-attachment":"scroll","background-type":"","background-media":"","overlay-type":"","overlay-color":"","overlay-opacity":"","overlay-gradient":""}},"ast-content-background-meta":{"desktop":{"background-color":"var(--ast-global-color-4)","background-image":"","background-repeat":"repeat","background-position":"center center","background-size":"auto","background-attachment":"scroll","background-type":"","background-media":"","overlay-type":"","overlay-color":"","overlay-opacity":"","overlay-gradient":""},"tablet":{"background-color":"var(--ast-global-color-4)","background-image":"","background-repeat":"repeat","background-position":"center center","background-size":"auto","background-attachment":"scroll","background-type":"","background-media":"","overlay-type":"","overlay-color":"","overlay-opacity":"","overlay-gradient":""},"mobile":{"background-color":"var(--ast-global-color-4)","background-image":"","background-repeat":"repeat","background-position":"center center","background-size":"auto","background-attachment":"scroll","background-type":"","background-media":"","overlay-type":"","overlay-color":"","overlay-opacity":"","overlay-gradient":""}},"footnotes":""},"class_list":["post-998","page","type-page","status-publish","hentry"],"yoast_head":"<!-- This site is optimized with the Yoast SEO plugin v27.4 - https:\/\/yoast.com\/product\/yoast-seo-wordpress\/ -->\n<title>Grants Application - Helsingin Sanomain S\u00e4\u00e4ti\u00f6<\/title>\n<meta name=\"robots\" content=\"index, follow, max-snippet:-1, max-image-preview:large, max-video-preview:-1\" \/>\n<link rel=\"canonical\" href=\"https:\/\/www.hssaatio.fi\/en\/grants_application\/\" \/>\n<meta property=\"og:locale\" content=\"en_US\" \/>\n<meta property=\"og:type\" content=\"article\" \/>\n<meta property=\"og:title\" content=\"Grants Application - Helsingin Sanomain S\u00e4\u00e4ti\u00f6\" \/>\n<meta property=\"og:description\" content=\"[vc_row][vc_column width=&#8221;1\/4&#8243;][\/vc_column][vc_column width=&#8221;1\/2&#8243;][vc_column_text] The Helsingin\u00a0Sanomat Foundation distributes grants throughout the year. Decisions are made twice a year and the outcome\" \/>\n<meta property=\"og:url\" content=\"https:\/\/www.hssaatio.fi\/en\/grants_application\/\" \/>\n<meta property=\"og:site_name\" content=\"Helsingin Sanomain S\u00e4\u00e4ti\u00f6\" \/>\n<meta property=\"article:modified_time\" content=\"2023-06-07T07:49:23+00:00\" \/>\n<meta name=\"twitter:card\" content=\"summary_large_image\" \/>\n<meta name=\"twitter:label1\" content=\"Est. reading time\" \/>\n\t<meta name=\"twitter:data1\" content=\"4 minutes\" \/>\n<script type=\"application\/ld+json\" class=\"yoast-schema-graph\">{\"@context\":\"https:\\\/\\\/schema.org\",\"@graph\":[{\"@type\":\"WebPage\",\"@id\":\"https:\\\/\\\/www.hssaatio.fi\\\/en\\\/grants_application\\\/\",\"url\":\"https:\\\/\\\/www.hssaatio.fi\\\/en\\\/grants_application\\\/\",\"name\":\"Grants Application - Helsingin Sanomain S\u00e4\u00e4ti\u00f6\",\"isPartOf\":{\"@id\":\"https:\\\/\\\/www.hssaatio.fi\\\/#website\"},\"datePublished\":\"2013-09-25T10:37:18+00:00\",\"dateModified\":\"2023-06-07T07:49:23+00:00\",\"inLanguage\":\"en-US\",\"potentialAction\":[{\"@type\":\"ReadAction\",\"target\":[\"https:\\\/\\\/www.hssaatio.fi\\\/en\\\/grants_application\\\/\"]}]},{\"@type\":\"WebSite\",\"@id\":\"https:\\\/\\\/www.hssaatio.fi\\\/#website\",\"url\":\"https:\\\/\\\/www.hssaatio.fi\\\/\",\"name\":\"Helsingin Sanomain S\u00e4\u00e4ti\u00f6\",\"description\":\"Postiosoite PL 35 00089 Sanoma\",\"publisher\":{\"@id\":\"https:\\\/\\\/www.hssaatio.fi\\\/#organization\"},\"potentialAction\":[{\"@type\":\"SearchAction\",\"target\":{\"@type\":\"EntryPoint\",\"urlTemplate\":\"https:\\\/\\\/www.hssaatio.fi\\\/?s={search_term_string}\"},\"query-input\":{\"@type\":\"PropertyValueSpecification\",\"valueRequired\":true,\"valueName\":\"search_term_string\"}}],\"inLanguage\":\"en-US\"},{\"@type\":\"Organization\",\"@id\":\"https:\\\/\\\/www.hssaatio.fi\\\/#organization\",\"name\":\"Helsingin Sanomain S\u00e4\u00e4ti\u00f6\",\"url\":\"https:\\\/\\\/www.hssaatio.fi\\\/\",\"logo\":{\"@type\":\"ImageObject\",\"inLanguage\":\"en-US\",\"@id\":\"https:\\\/\\\/www.hssaatio.fi\\\/#\\\/schema\\\/logo\\\/image\\\/\",\"url\":\"https:\\\/\\\/www.hssaatio.fi\\\/wp-content\\\/uploads\\\/2017\\\/01\\\/cropped-hss-logo-white2x.png\",\"contentUrl\":\"https:\\\/\\\/www.hssaatio.fi\\\/wp-content\\\/uploads\\\/2017\\\/01\\\/cropped-hss-logo-white2x.png\",\"width\":270,\"height\":123,\"caption\":\"Helsingin Sanomain S\u00e4\u00e4ti\u00f6\"},\"image\":{\"@id\":\"https:\\\/\\\/www.hssaatio.fi\\\/#\\\/schema\\\/logo\\\/image\\\/\"}}]}<\/script>\n<!-- \/ Yoast SEO plugin. -->","yoast_head_json":{"title":"Grants Application - Helsingin Sanomain S\u00e4\u00e4ti\u00f6","robots":{"index":"index","follow":"follow","max-snippet":"max-snippet:-1","max-image-preview":"max-image-preview:large","max-video-preview":"max-video-preview:-1"},"canonical":"https:\/\/www.hssaatio.fi\/en\/grants_application\/","og_locale":"en_US","og_type":"article","og_title":"Grants Application - Helsingin Sanomain S\u00e4\u00e4ti\u00f6","og_description":"[vc_row][vc_column width=&#8221;1\/4&#8243;][\/vc_column][vc_column width=&#8221;1\/2&#8243;][vc_column_text] The Helsingin\u00a0Sanomat Foundation distributes grants throughout the year. Decisions are made twice a year and the outcome","og_url":"https:\/\/www.hssaatio.fi\/en\/grants_application\/","og_site_name":"Helsingin Sanomain S\u00e4\u00e4ti\u00f6","article_modified_time":"2023-06-07T07:49:23+00:00","twitter_card":"summary_large_image","twitter_misc":{"Est. reading time":"4 minutes"},"schema":{"@context":"https:\/\/schema.org","@graph":[{"@type":"WebPage","@id":"https:\/\/www.hssaatio.fi\/en\/grants_application\/","url":"https:\/\/www.hssaatio.fi\/en\/grants_application\/","name":"Grants Application - Helsingin Sanomain S\u00e4\u00e4ti\u00f6","isPartOf":{"@id":"https:\/\/www.hssaatio.fi\/#website"},"datePublished":"2013-09-25T10:37:18+00:00","dateModified":"2023-06-07T07:49:23+00:00","inLanguage":"en-US","potentialAction":[{"@type":"ReadAction","target":["https:\/\/www.hssaatio.fi\/en\/grants_application\/"]}]},{"@type":"WebSite","@id":"https:\/\/www.hssaatio.fi\/#website","url":"https:\/\/www.hssaatio.fi\/","name":"Helsingin Sanomain S\u00e4\u00e4ti\u00f6","description":"Postiosoite PL 35 00089 Sanoma","publisher":{"@id":"https:\/\/www.hssaatio.fi\/#organization"},"potentialAction":[{"@type":"SearchAction","target":{"@type":"EntryPoint","urlTemplate":"https:\/\/www.hssaatio.fi\/?s={search_term_string}"},"query-input":{"@type":"PropertyValueSpecification","valueRequired":true,"valueName":"search_term_string"}}],"inLanguage":"en-US"},{"@type":"Organization","@id":"https:\/\/www.hssaatio.fi\/#organization","name":"Helsingin Sanomain S\u00e4\u00e4ti\u00f6","url":"https:\/\/www.hssaatio.fi\/","logo":{"@type":"ImageObject","inLanguage":"en-US","@id":"https:\/\/www.hssaatio.fi\/#\/schema\/logo\/image\/","url":"https:\/\/www.hssaatio.fi\/wp-content\/uploads\/2017\/01\/cropped-hss-logo-white2x.png","contentUrl":"https:\/\/www.hssaatio.fi\/wp-content\/uploads\/2017\/01\/cropped-hss-logo-white2x.png","width":270,"height":123,"caption":"Helsingin Sanomain S\u00e4\u00e4ti\u00f6"},"image":{"@id":"https:\/\/www.hssaatio.fi\/#\/schema\/logo\/image\/"}}]}},"uagb_featured_image_src":{"full":false,"thumbnail":false,"medium":false,"medium_large":false,"large":false,"1536x1536":false,"2048x2048":false},"uagb_author_info":{"display_name":"Sirpa Ikonen","author_link":"https:\/\/www.hssaatio.fi\/en\/author\/toimisto\/"},"uagb_comment_info":0,"uagb_excerpt":"[vc_row][vc_column width=&#8221;1\/4&#8243;][\/vc_column][vc_column width=&#8221;1\/2&#8243;][vc_column_text] The Helsingin\u00a0Sanomat Foundation distributes grants throughout the year. Decisions are made twice a year and the outcome","_links":{"self":[{"href":"https:\/\/www.hssaatio.fi\/en\/wp-json\/wp\/v2\/pages\/998","targetHints":{"allow":["GET"]}}],"collection":[{"href":"https:\/\/www.hssaatio.fi\/en\/wp-json\/wp\/v2\/pages"}],"about":[{"href":"https:\/\/www.hssaatio.fi\/en\/wp-json\/wp\/v2\/types\/page"}],"author":[{"embeddable":true,"href":"https:\/\/www.hssaatio.fi\/en\/wp-json\/wp\/v2\/users\/2"}],"replies":[{"embeddable":true,"href":"https:\/\/www.hssaatio.fi\/en\/wp-json\/wp\/v2\/comments?post=998"}],"version-history":[{"count":9,"href":"https:\/\/www.hssaatio.fi\/en\/wp-json\/wp\/v2\/pages\/998\/revisions"}],"predecessor-version":[{"id":16500,"href":"https:\/\/www.hssaatio.fi\/en\/wp-json\/wp\/v2\/pages\/998\/revisions\/16500"}],"wp:attachment":[{"href":"https:\/\/www.hssaatio.fi\/en\/wp-json\/wp\/v2\/media?parent=998"}],"curies":[{"name":"wp","href":"https:\/\/api.w.org\/{rel}","templated":true}]}}