{"id":993,"date":"2013-10-09T17:56:10","date_gmt":"2013-10-09T14:56:10","guid":{"rendered":"https:\/\/www.hssaatio.fi\/?page_id=993"},"modified":"2024-05-17T15:56:33","modified_gmt":"2024-05-17T12:56:33","slug":"grantsfaq","status":"publish","type":"page","link":"https:\/\/www.hssaatio.fi\/en\/grantsfaq\/","title":{"rendered":"Grants\/FAQ"},"content":{"rendered":"<div class=\"wpb-content-wrapper\"><p>[vc_row][vc_column width=&#8221;1\/4&#8243;][\/vc_column][vc_column width=&#8221;1\/2&#8243;][vc_column_text]<\/p>\n<p style=\"text-align: center;\"><em>Frequently asked questions contain basic information about applying and receiving a grant. If you did not find the answer to your question, please do contact us.<\/em><\/p>\n<p>[\/vc_column_text][\/vc_column][vc_column width=&#8221;1\/4&#8243;][\/vc_column][\/vc_row][vc_row][vc_column]<div data-id=\"mpc_divider-5469e4bfe438c86\" class=\"mpc-divider-wrap\"><div class=\"mpc-divider mpc-init mpc-align--center \" ><div class=\"mpc-divider__line mpc-side--left\"><span><\/span><\/div><div class=\"mpc-divider__separator\"><div class=\"mpc-divider__content mpc-typography--mpc_preset_1\">Frequently asked questions<\/div><\/div><div class=\"mpc-divider__line mpc-side--right\"><span><\/span><\/div><\/div><\/div>[\/vc_column][\/vc_row][vc_row][vc_column width=&#8221;1\/4&#8243;][\/vc_column][vc_column width=&#8221;1\/2&#8243;][vc_toggle title=&#8221;What are the grants available for application?&#8221;]The Helsingin Sanomat Foundation promotes and supports research in the communications and the communications industry and interdisciplinary futures research.<\/p>\n<p>The Helsingin Sanomat Foundation finances post-doctoral projects that are linked to the communications industry.<\/p>\n<p>In addition, the Foundation awards fellowships to Finnish journalists who are in the middle of their careers to enable them to study at top universities abroad.<\/p>\n<p>[\/vc_toggle][vc_toggle title=&#8221;Period of applying a grant&#8221;]The Helsingin\u00a0Sanomat Foundation distributes grants <b>throughout the year. <\/b>Decisions are made twice a year and the outcome is informed via the grant application system.<\/p>\n<p>The schedule for returning the application can be found in the grant application system.[\/vc_toggle][vc_toggle title=&#8221;Information on decisions&#8221; css=&#8221;&#8221;]Grant decisions are informed via application system. The decisions are final, and the Foundation will not give any feedback after the decisions.<\/p>\n<p>Awarded grants are also announced on the Foundation\u00b4s website.[\/vc_toggle][vc_toggle title=&#8221;Evaluation criteria&#8221;]The applications are assessed by the following evaluation criteria: innovativeness, novelty value, outcome to the academic community, media and society, clarity and feasibility of the research plan, use of funding as well as skills and resources of the research group. Also interdisciplinarity, international cooperation and cooperation between different organizations may be used as evaluation criteria.<\/p>\n<p>Applications may also be sent for evaluation to the members of the scientific committee.[\/vc_toggle][vc_toggle title=&#8221;Payment of the grant&#8221;]<\/p>\n<div>\n<div>\n<div>\n<div>\n<div>\n<p>If the grant is paid via universitiy or other research institution a written statement from the university chancellor or institution director is required to acknowledge the award and agree to its use according to the plan outlined in the funding application.<\/p>\n<p>The funds for grant periods lasting longer than one year are paid once a year. A written report on the progress of the research is required before further payments can be made.<\/p>\n<p>Personal grants are paid into an account designated by the applicant. The funds for grant periods lasting longer than one year are paid once a year. A written report on the progress of the research is required before further payments can be made.<\/p>\n<p>Payments are made on the fifth working day of a month agreed upon with the grantee.<\/p>\n<p>Additionally the payment schedule must be entered to the grant application system before any payments can be made.<\/p>\n<\/div>\n<\/div>\n<\/div>\n<\/div>\n<\/div>\n<p>[\/vc_toggle][vc_toggle title=&#8221;Reporting&#8221;]<\/p>\n<div>\n<div>\n<div>\n<div>\n<div>\n<p>The designated leader of each research project or the recipient of a personal grant is responsible for reporting that the grant is being used according to the plan specified in the grant application.<\/p>\n<p>The Helsingin Sanomat Foundation requires the following reports: a report on the progress of the research or studies by 31 January (for projects lasting longer than one year), a report on how the grant money is being used by 31 January (this does not apply to fellowship awards) and a final report, in Finnish or English, within six months of receipt of the final grant payment. Final reports are published on the Foundation\u2019s website.<\/p>\n<p>In addition, the Foundation must be notified immediately in the event that any significant changes occur in the time schedule for the research, in the constitution of the research group, or in other matters relevant to the research project.<\/p>\n<p>The Foundation reserves the right to request additional information from grant recipients as deemed necessary.<\/p>\n<\/div>\n<\/div>\n<\/div>\n<\/div>\n<\/div>\n<p>[\/vc_toggle][vc_toggle title=&#8221;Statutory pension insurance for grant recipients&#8221;]<\/p>\n<div>\n<div>\n<div>\n<div>\n<div>\n<p>The Farmers\u2019 Social Insurance Institution, Mela, is responsible for the statutory pensions (MYEL) and occupational accident insurance (MATA) of persons who have a grant or scholarship and who must be insured in Finland as of the beginning of the year 2009. The insurance is mandatory.<\/p>\n<p>The recipients of grants or scholarships must take out insurance if they work for at least four months without interruption on a grant or scholarship awarded from Finland after 1 January 2009.<\/p>\n<p>For further information, please see <a href=\"http:\/\/www.mela.fi\" target=\"_blank\" rel=\"noopener noreferrer\">www.mela.fi<\/a>.<\/p>\n<\/div>\n<\/div>\n<\/div>\n<\/div>\n<\/div>\n<p>[\/vc_toggle][vc_toggle title=&#8221;Taxation&#8221;]<\/p>\n<div>\n<div>\n<div>\n<div>\n<div>\n<p>Persons who receive grants must declare the awards on their tax statements. The Helsingin Sanomat Foundation is obligated to inform the tax authorities of all personal grants awarded yearly.<\/p>\n<p>See further information: <a href=\"http:\/\/www.vero.fi\" target=\"_blank\" rel=\"noopener noreferrer\">www. vero.fi.<\/a><\/p>\n<\/div>\n<\/div>\n<\/div>\n<\/div>\n<\/div>\n<p>[\/vc_toggle][vc_toggle title=&#8221;Termination of payment and return of grant funds&#8221;]<\/p>\n<div>\n<div>\n<div>\n<div>\n<div>\n<p>Failure to provide the research or study reports on time may cause termination of further grant payments. The Foundation may also freeze the payments due to unsatisfactory progress of the research project or in the event that a grantee is using funds contrary to the funding decision.<\/p>\n<p>If for any reason the research or study is discontinued, then the Foundation reserves the right to demand the return of the parts of the grant that have already been paid.<\/p>\n<\/div>\n<\/div>\n<\/div>\n<\/div>\n<\/div>\n<p>[\/vc_toggle][\/vc_column][vc_column width=&#8221;1\/4&#8243;][\/vc_column][\/vc_row]<\/p>\n<\/div>","protected":false},"excerpt":{"rendered":"<p>[vc_row][vc_column width=&#8221;1\/4&#8243;][\/vc_column][vc_column width=&#8221;1\/2&#8243;][vc_column_text] Frequently asked questions contain basic information about applying and receiving a grant. If you did not find<\/p>\n","protected":false},"author":1,"featured_media":0,"parent":0,"menu_order":0,"comment_status":"closed","ping_status":"closed","template":"","meta":{"_uag_custom_page_level_css":"","site-sidebar-layout":"no-sidebar","site-content-layout":"plain-container","ast-site-content-layout":"default","site-content-style":"default","site-sidebar-style":"default","ast-global-header-display":"","ast-banner-title-visibility":"","ast-main-header-display":"","ast-hfb-above-header-display":"","ast-hfb-below-header-display":"","ast-hfb-mobile-header-display":"","site-post-title":"disabled","ast-breadcrumbs-content":"","ast-featured-img":"disabled","footer-sml-layout":"","ast-disable-related-posts":"","theme-transparent-header-meta":"","adv-header-id-meta":"","stick-header-meta":"","header-above-stick-meta":"","header-main-stick-meta":"","header-below-stick-meta":"","astra-migrate-meta-layouts":"default","ast-page-background-enabled":"default","ast-page-background-meta":{"desktop":{"background-color":"var(--ast-global-color-5)","background-image":"","background-repeat":"repeat","background-position":"center center","background-size":"auto","background-attachment":"scroll","background-type":"","background-media":"","overlay-type":"","overlay-color":"","overlay-opacity":"","overlay-gradient":""},"tablet":{"background-color":"","background-image":"","background-repeat":"repeat","background-position":"center center","background-size":"auto","background-attachment":"scroll","background-type":"","background-media":"","overlay-type":"","overlay-color":"","overlay-opacity":"","overlay-gradient":""},"mobile":{"background-color":"","background-image":"","background-repeat":"repeat","background-position":"center center","background-size":"auto","background-attachment":"scroll","background-type":"","background-media":"","overlay-type":"","overlay-color":"","overlay-opacity":"","overlay-gradient":""}},"ast-content-background-meta":{"desktop":{"background-color":"var(--ast-global-color-4)","background-image":"","background-repeat":"repeat","background-position":"center center","background-size":"auto","background-attachment":"scroll","background-type":"","background-media":"","overlay-type":"","overlay-color":"","overlay-opacity":"","overlay-gradient":""},"tablet":{"background-color":"var(--ast-global-color-4)","background-image":"","background-repeat":"repeat","background-position":"center center","background-size":"auto","background-attachment":"scroll","background-type":"","background-media":"","overlay-type":"","overlay-color":"","overlay-opacity":"","overlay-gradient":""},"mobile":{"background-color":"var(--ast-global-color-4)","background-image":"","background-repeat":"repeat","background-position":"center center","background-size":"auto","background-attachment":"scroll","background-type":"","background-media":"","overlay-type":"","overlay-color":"","overlay-opacity":"","overlay-gradient":""}},"footnotes":""},"class_list":["post-993","page","type-page","status-publish","hentry"],"yoast_head":"<!-- This site is optimized with the Yoast SEO plugin v27.4 - https:\/\/yoast.com\/product\/yoast-seo-wordpress\/ -->\n<title>Grants\/FAQ - Helsingin Sanomain S\u00e4\u00e4ti\u00f6<\/title>\n<meta name=\"robots\" content=\"index, follow, max-snippet:-1, max-image-preview:large, max-video-preview:-1\" \/>\n<link rel=\"canonical\" href=\"https:\/\/www.hssaatio.fi\/en\/grantsfaq\/\" \/>\n<meta property=\"og:locale\" content=\"en_US\" \/>\n<meta property=\"og:type\" content=\"article\" \/>\n<meta property=\"og:title\" content=\"Grants\/FAQ - Helsingin Sanomain S\u00e4\u00e4ti\u00f6\" \/>\n<meta property=\"og:description\" content=\"[vc_row][vc_column width=&#8221;1\/4&#8243;][\/vc_column][vc_column width=&#8221;1\/2&#8243;][vc_column_text] Frequently asked questions contain basic information about applying and receiving a grant. If you did not find\" \/>\n<meta property=\"og:url\" content=\"https:\/\/www.hssaatio.fi\/en\/grantsfaq\/\" \/>\n<meta property=\"og:site_name\" content=\"Helsingin Sanomain S\u00e4\u00e4ti\u00f6\" \/>\n<meta property=\"article:modified_time\" content=\"2024-05-17T12:56:33+00:00\" \/>\n<meta name=\"twitter:card\" content=\"summary_large_image\" \/>\n<meta name=\"twitter:label1\" content=\"Est. reading time\" \/>\n\t<meta name=\"twitter:data1\" content=\"5 minutes\" \/>\n<script type=\"application\/ld+json\" class=\"yoast-schema-graph\">{\"@context\":\"https:\\\/\\\/schema.org\",\"@graph\":[{\"@type\":\"WebPage\",\"@id\":\"https:\\\/\\\/www.hssaatio.fi\\\/en\\\/grantsfaq\\\/\",\"url\":\"https:\\\/\\\/www.hssaatio.fi\\\/en\\\/grantsfaq\\\/\",\"name\":\"Grants\\\/FAQ - Helsingin Sanomain S\u00e4\u00e4ti\u00f6\",\"isPartOf\":{\"@id\":\"https:\\\/\\\/www.hssaatio.fi\\\/#website\"},\"datePublished\":\"2013-10-09T14:56:10+00:00\",\"dateModified\":\"2024-05-17T12:56:33+00:00\",\"inLanguage\":\"en-US\",\"potentialAction\":[{\"@type\":\"ReadAction\",\"target\":[\"https:\\\/\\\/www.hssaatio.fi\\\/en\\\/grantsfaq\\\/\"]}]},{\"@type\":\"WebSite\",\"@id\":\"https:\\\/\\\/www.hssaatio.fi\\\/#website\",\"url\":\"https:\\\/\\\/www.hssaatio.fi\\\/\",\"name\":\"Helsingin Sanomain S\u00e4\u00e4ti\u00f6\",\"description\":\"Postiosoite PL 35 00089 Sanoma\",\"publisher\":{\"@id\":\"https:\\\/\\\/www.hssaatio.fi\\\/#organization\"},\"potentialAction\":[{\"@type\":\"SearchAction\",\"target\":{\"@type\":\"EntryPoint\",\"urlTemplate\":\"https:\\\/\\\/www.hssaatio.fi\\\/?s={search_term_string}\"},\"query-input\":{\"@type\":\"PropertyValueSpecification\",\"valueRequired\":true,\"valueName\":\"search_term_string\"}}],\"inLanguage\":\"en-US\"},{\"@type\":\"Organization\",\"@id\":\"https:\\\/\\\/www.hssaatio.fi\\\/#organization\",\"name\":\"Helsingin Sanomain S\u00e4\u00e4ti\u00f6\",\"url\":\"https:\\\/\\\/www.hssaatio.fi\\\/\",\"logo\":{\"@type\":\"ImageObject\",\"inLanguage\":\"en-US\",\"@id\":\"https:\\\/\\\/www.hssaatio.fi\\\/#\\\/schema\\\/logo\\\/image\\\/\",\"url\":\"https:\\\/\\\/www.hssaatio.fi\\\/wp-content\\\/uploads\\\/2017\\\/01\\\/cropped-hss-logo-white2x.png\",\"contentUrl\":\"https:\\\/\\\/www.hssaatio.fi\\\/wp-content\\\/uploads\\\/2017\\\/01\\\/cropped-hss-logo-white2x.png\",\"width\":270,\"height\":123,\"caption\":\"Helsingin Sanomain S\u00e4\u00e4ti\u00f6\"},\"image\":{\"@id\":\"https:\\\/\\\/www.hssaatio.fi\\\/#\\\/schema\\\/logo\\\/image\\\/\"}}]}<\/script>\n<!-- \/ Yoast SEO plugin. -->","yoast_head_json":{"title":"Grants\/FAQ - Helsingin Sanomain S\u00e4\u00e4ti\u00f6","robots":{"index":"index","follow":"follow","max-snippet":"max-snippet:-1","max-image-preview":"max-image-preview:large","max-video-preview":"max-video-preview:-1"},"canonical":"https:\/\/www.hssaatio.fi\/en\/grantsfaq\/","og_locale":"en_US","og_type":"article","og_title":"Grants\/FAQ - Helsingin Sanomain S\u00e4\u00e4ti\u00f6","og_description":"[vc_row][vc_column width=&#8221;1\/4&#8243;][\/vc_column][vc_column width=&#8221;1\/2&#8243;][vc_column_text] Frequently asked questions contain basic information about applying and receiving a grant. If you did not find","og_url":"https:\/\/www.hssaatio.fi\/en\/grantsfaq\/","og_site_name":"Helsingin Sanomain S\u00e4\u00e4ti\u00f6","article_modified_time":"2024-05-17T12:56:33+00:00","twitter_card":"summary_large_image","twitter_misc":{"Est. reading time":"5 minutes"},"schema":{"@context":"https:\/\/schema.org","@graph":[{"@type":"WebPage","@id":"https:\/\/www.hssaatio.fi\/en\/grantsfaq\/","url":"https:\/\/www.hssaatio.fi\/en\/grantsfaq\/","name":"Grants\/FAQ - Helsingin Sanomain S\u00e4\u00e4ti\u00f6","isPartOf":{"@id":"https:\/\/www.hssaatio.fi\/#website"},"datePublished":"2013-10-09T14:56:10+00:00","dateModified":"2024-05-17T12:56:33+00:00","inLanguage":"en-US","potentialAction":[{"@type":"ReadAction","target":["https:\/\/www.hssaatio.fi\/en\/grantsfaq\/"]}]},{"@type":"WebSite","@id":"https:\/\/www.hssaatio.fi\/#website","url":"https:\/\/www.hssaatio.fi\/","name":"Helsingin Sanomain S\u00e4\u00e4ti\u00f6","description":"Postiosoite PL 35 00089 Sanoma","publisher":{"@id":"https:\/\/www.hssaatio.fi\/#organization"},"potentialAction":[{"@type":"SearchAction","target":{"@type":"EntryPoint","urlTemplate":"https:\/\/www.hssaatio.fi\/?s={search_term_string}"},"query-input":{"@type":"PropertyValueSpecification","valueRequired":true,"valueName":"search_term_string"}}],"inLanguage":"en-US"},{"@type":"Organization","@id":"https:\/\/www.hssaatio.fi\/#organization","name":"Helsingin Sanomain S\u00e4\u00e4ti\u00f6","url":"https:\/\/www.hssaatio.fi\/","logo":{"@type":"ImageObject","inLanguage":"en-US","@id":"https:\/\/www.hssaatio.fi\/#\/schema\/logo\/image\/","url":"https:\/\/www.hssaatio.fi\/wp-content\/uploads\/2017\/01\/cropped-hss-logo-white2x.png","contentUrl":"https:\/\/www.hssaatio.fi\/wp-content\/uploads\/2017\/01\/cropped-hss-logo-white2x.png","width":270,"height":123,"caption":"Helsingin Sanomain S\u00e4\u00e4ti\u00f6"},"image":{"@id":"https:\/\/www.hssaatio.fi\/#\/schema\/logo\/image\/"}}]}},"uagb_featured_image_src":{"full":false,"thumbnail":false,"medium":false,"medium_large":false,"large":false,"1536x1536":false,"2048x2048":false},"uagb_author_info":{"display_name":"hssaatio","author_link":"https:\/\/www.hssaatio.fi\/en\/author\/hssaatio\/"},"uagb_comment_info":0,"uagb_excerpt":"[vc_row][vc_column width=&#8221;1\/4&#8243;][\/vc_column][vc_column width=&#8221;1\/2&#8243;][vc_column_text] Frequently asked questions contain basic information about applying and receiving a grant. If you did not find","_links":{"self":[{"href":"https:\/\/www.hssaatio.fi\/en\/wp-json\/wp\/v2\/pages\/993","targetHints":{"allow":["GET"]}}],"collection":[{"href":"https:\/\/www.hssaatio.fi\/en\/wp-json\/wp\/v2\/pages"}],"about":[{"href":"https:\/\/www.hssaatio.fi\/en\/wp-json\/wp\/v2\/types\/page"}],"author":[{"embeddable":true,"href":"https:\/\/www.hssaatio.fi\/en\/wp-json\/wp\/v2\/users\/1"}],"replies":[{"embeddable":true,"href":"https:\/\/www.hssaatio.fi\/en\/wp-json\/wp\/v2\/comments?post=993"}],"version-history":[{"count":6,"href":"https:\/\/www.hssaatio.fi\/en\/wp-json\/wp\/v2\/pages\/993\/revisions"}],"predecessor-version":[{"id":17599,"href":"https:\/\/www.hssaatio.fi\/en\/wp-json\/wp\/v2\/pages\/993\/revisions\/17599"}],"wp:attachment":[{"href":"https:\/\/www.hssaatio.fi\/en\/wp-json\/wp\/v2\/media?parent=993"}],"curies":[{"name":"wp","href":"https:\/\/api.w.org\/{rel}","templated":true}]}}