{"id":20096,"date":"2026-03-25T18:39:37","date_gmt":"2026-03-25T16:39:37","guid":{"rendered":"https:\/\/www.hssaatio.fi\/?page_id=20096"},"modified":"2026-03-25T18:39:38","modified_gmt":"2026-03-25T16:39:38","slug":"annual-report-2025","status":"publish","type":"page","link":"https:\/\/www.hssaatio.fi\/en\/annual-report-2025\/","title":{"rendered":"ANNUAL REPORT January 1 \u2212 December 31, 2025"},"content":{"rendered":"\n<div class=\"wp-block-uagb-image uagb-block-280f0cfd wp-block-uagb-image--layout-default wp-block-uagb-image--effect-static wp-block-uagb-image--align-none\"><figure class=\"wp-block-uagb-image__figure\"><img decoding=\"async\" data-srcset=\"https:\/\/www.hssaatio.fi\/wp-content\/uploads\/2026\/02\/natures-01-1024x683.jpg ,https:\/\/www.hssaatio.fi\/wp-content\/uploads\/2026\/02\/natures-01.jpg 780w, https:\/\/www.hssaatio.fi\/wp-content\/uploads\/2026\/02\/natures-01.jpg 360w\" data-sizes=\"auto\" data-src=\"https:\/\/www.hssaatio.fi\/wp-content\/uploads\/2026\/02\/natures-01-1024x683.jpg\" alt=\"\" class=\"uag-image-19887 lazyload\" width=\"775\" height=\"305\" title=\"natures-01.jpg\" role=\"img\" src=\"data:image\/svg+xml;base64,PHN2ZyB3aWR0aD0iMSIgaGVpZ2h0PSIxIiB4bWxucz0iaHR0cDovL3d3dy53My5vcmcvMjAwMC9zdmciPjwvc3ZnPg==\" style=\"--smush-placeholder-width: 775px; --smush-placeholder-aspect-ratio: 775\/305;\" data-original-sizes=\"auto, (max-width: 480px) 150px\" \/><\/figure><\/div>\n\n\n\n<p><\/p>\n\n\n\n<h1 class=\"wp-block-heading\">ANNUAL REPORT<br>January 1 \u2212 December 31, 2025<\/h1>\n\n\n\n<h2 class=\"wp-block-heading\">THE FOUNDATION AND ITS PURPOSE<\/h2>\n\n\n\n<p>The primary purpose of the Helsingin Sanomat Foundation is to secure the future of Finnish media and quality journalism, as well as to support freedom of speech.<\/p>\n\n\n\n<p>The Foundation may also support other research and various initiatives of importance for the wellbeing, development or international standing of Finnish society. The Foundation may also organize competitions related to its operations.<\/p>\n\n\n\n<p>The Foundation maintains the Media Museum and Archives Merkki (earlier P\u00e4iv\u00e4lehti Museum and P\u00e4iv\u00e4lehti Archives).<\/p>\n\n\n\n<p>The Helsingin Sanomat Foundation was established in December 2005 and 2024 was its 19<sup>th<\/sup>&nbsp;year of operation.<\/p>\n","protected":false},"excerpt":{"rendered":"<p>ANNUAL REPORTJanuary 1 \u2212 December 31, 2025 THE FOUNDATION AND ITS PURPOSE The primary purpose of the Helsingin Sanomat Foundation<\/p>\n","protected":false},"author":1,"featured_media":0,"parent":0,"menu_order":0,"comment_status":"closed","ping_status":"closed","template":"","meta":{"_uag_custom_page_level_css":"","site-sidebar-layout":"default","site-content-layout":"","ast-site-content-layout":"default","site-content-style":"default","site-sidebar-style":"default","ast-global-header-display":"","ast-banner-title-visibility":"","ast-main-header-display":"","ast-hfb-above-header-display":"","ast-hfb-below-header-display":"","ast-hfb-mobile-header-display":"","site-post-title":"","ast-breadcrumbs-content":"","ast-featured-img":"","footer-sml-layout":"","ast-disable-related-posts":"","theme-transparent-header-meta":"","adv-header-id-meta":"","stick-header-meta":"","header-above-stick-meta":"","header-main-stick-meta":"","header-below-stick-meta":"","astra-migrate-meta-layouts":"default","ast-page-background-enabled":"default","ast-page-background-meta":{"desktop":{"background-color":"var(--ast-global-color-5)","background-image":"","background-repeat":"repeat","background-position":"center center","background-size":"auto","background-attachment":"scroll","background-type":"","background-media":"","overlay-type":"","overlay-color":"","overlay-opacity":"","overlay-gradient":""},"tablet":{"background-color":"","background-image":"","background-repeat":"repeat","background-position":"center center","background-size":"auto","background-attachment":"scroll","background-type":"","background-media":"","overlay-type":"","overlay-color":"","overlay-opacity":"","overlay-gradient":""},"mobile":{"background-color":"","background-image":"","background-repeat":"repeat","background-position":"center center","background-size":"auto","background-attachment":"scroll","background-type":"","background-media":"","overlay-type":"","overlay-color":"","overlay-opacity":"","overlay-gradient":""}},"ast-content-background-meta":{"desktop":{"background-color":"var(--ast-global-color-4)","background-image":"","background-repeat":"repeat","background-position":"center center","background-size":"auto","background-attachment":"scroll","background-type":"","background-media":"","overlay-type":"","overlay-color":"","overlay-opacity":"","overlay-gradient":""},"tablet":{"background-color":"var(--ast-global-color-4)","background-image":"","background-repeat":"repeat","background-position":"center center","background-size":"auto","background-attachment":"scroll","background-type":"","background-media":"","overlay-type":"","overlay-color":"","overlay-opacity":"","overlay-gradient":""},"mobile":{"background-color":"var(--ast-global-color-4)","background-image":"","background-repeat":"repeat","background-position":"center center","background-size":"auto","background-attachment":"scroll","background-type":"","background-media":"","overlay-type":"","overlay-color":"","overlay-opacity":"","overlay-gradient":""}},"footnotes":""},"class_list":["post-20096","page","type-page","status-publish","hentry"],"yoast_head":"<!-- This site is optimized with the Yoast SEO plugin v27.4 - https:\/\/yoast.com\/product\/yoast-seo-wordpress\/ -->\n<title>ANNUAL REPORT January 1 \u2212 December 31, 2025 - Helsingin Sanomain S\u00e4\u00e4ti\u00f6<\/title>\n<meta name=\"robots\" content=\"index, follow, max-snippet:-1, max-image-preview:large, max-video-preview:-1\" \/>\n<link rel=\"canonical\" href=\"https:\/\/www.hssaatio.fi\/en\/annual-report-2025\/\" \/>\n<meta property=\"og:locale\" content=\"en_US\" \/>\n<meta property=\"og:type\" content=\"article\" \/>\n<meta property=\"og:title\" content=\"ANNUAL REPORT January 1 \u2212 December 31, 2025 - Helsingin Sanomain S\u00e4\u00e4ti\u00f6\" \/>\n<meta property=\"og:description\" content=\"ANNUAL REPORTJanuary 1 \u2212 December 31, 2025 THE FOUNDATION AND ITS PURPOSE The primary purpose of the Helsingin Sanomat Foundation\" \/>\n<meta property=\"og:url\" content=\"https:\/\/www.hssaatio.fi\/en\/annual-report-2025\/\" \/>\n<meta property=\"og:site_name\" content=\"Helsingin Sanomain S\u00e4\u00e4ti\u00f6\" \/>\n<meta property=\"article:modified_time\" content=\"2026-03-25T16:39:38+00:00\" \/>\n<meta property=\"og:image\" content=\"https:\/\/www.hssaatio.fi\/wp-content\/uploads\/2026\/02\/natures-01-1024x683.jpg\" \/>\n<meta name=\"twitter:card\" content=\"summary_large_image\" \/>\n<meta name=\"twitter:label1\" content=\"Est. reading time\" \/>\n\t<meta name=\"twitter:data1\" content=\"1 minute\" \/>\n<script type=\"application\/ld+json\" class=\"yoast-schema-graph\">{\"@context\":\"https:\\\/\\\/schema.org\",\"@graph\":[{\"@type\":\"WebPage\",\"@id\":\"https:\\\/\\\/www.hssaatio.fi\\\/en\\\/annual-report-2025\\\/\",\"url\":\"https:\\\/\\\/www.hssaatio.fi\\\/en\\\/annual-report-2025\\\/\",\"name\":\"ANNUAL REPORT January 1 \u2212 December 31, 2025 - Helsingin Sanomain S\u00e4\u00e4ti\u00f6\",\"isPartOf\":{\"@id\":\"https:\\\/\\\/www.hssaatio.fi\\\/#website\"},\"primaryImageOfPage\":{\"@id\":\"https:\\\/\\\/www.hssaatio.fi\\\/en\\\/annual-report-2025\\\/#primaryimage\"},\"image\":{\"@id\":\"https:\\\/\\\/www.hssaatio.fi\\\/en\\\/annual-report-2025\\\/#primaryimage\"},\"thumbnailUrl\":\"https:\\\/\\\/www.hssaatio.fi\\\/wp-content\\\/uploads\\\/2026\\\/02\\\/natures-01-1024x683.jpg\",\"datePublished\":\"2026-03-25T16:39:37+00:00\",\"dateModified\":\"2026-03-25T16:39:38+00:00\",\"inLanguage\":\"en-US\",\"potentialAction\":[{\"@type\":\"ReadAction\",\"target\":[\"https:\\\/\\\/www.hssaatio.fi\\\/en\\\/annual-report-2025\\\/\"]}]},{\"@type\":\"ImageObject\",\"inLanguage\":\"en-US\",\"@id\":\"https:\\\/\\\/www.hssaatio.fi\\\/en\\\/annual-report-2025\\\/#primaryimage\",\"url\":\"https:\\\/\\\/www.hssaatio.fi\\\/wp-content\\\/uploads\\\/2026\\\/02\\\/natures-01-1024x683.jpg\",\"contentUrl\":\"https:\\\/\\\/www.hssaatio.fi\\\/wp-content\\\/uploads\\\/2026\\\/02\\\/natures-01-1024x683.jpg\"},{\"@type\":\"WebSite\",\"@id\":\"https:\\\/\\\/www.hssaatio.fi\\\/#website\",\"url\":\"https:\\\/\\\/www.hssaatio.fi\\\/\",\"name\":\"Helsingin Sanomain S\u00e4\u00e4ti\u00f6\",\"description\":\"Postiosoite PL 35 00089 Sanoma\",\"publisher\":{\"@id\":\"https:\\\/\\\/www.hssaatio.fi\\\/#organization\"},\"potentialAction\":[{\"@type\":\"SearchAction\",\"target\":{\"@type\":\"EntryPoint\",\"urlTemplate\":\"https:\\\/\\\/www.hssaatio.fi\\\/?s={search_term_string}\"},\"query-input\":{\"@type\":\"PropertyValueSpecification\",\"valueRequired\":true,\"valueName\":\"search_term_string\"}}],\"inLanguage\":\"en-US\"},{\"@type\":\"Organization\",\"@id\":\"https:\\\/\\\/www.hssaatio.fi\\\/#organization\",\"name\":\"Helsingin Sanomain S\u00e4\u00e4ti\u00f6\",\"url\":\"https:\\\/\\\/www.hssaatio.fi\\\/\",\"logo\":{\"@type\":\"ImageObject\",\"inLanguage\":\"en-US\",\"@id\":\"https:\\\/\\\/www.hssaatio.fi\\\/#\\\/schema\\\/logo\\\/image\\\/\",\"url\":\"https:\\\/\\\/www.hssaatio.fi\\\/wp-content\\\/uploads\\\/2017\\\/01\\\/cropped-hss-logo-white2x.png\",\"contentUrl\":\"https:\\\/\\\/www.hssaatio.fi\\\/wp-content\\\/uploads\\\/2017\\\/01\\\/cropped-hss-logo-white2x.png\",\"width\":270,\"height\":123,\"caption\":\"Helsingin Sanomain S\u00e4\u00e4ti\u00f6\"},\"image\":{\"@id\":\"https:\\\/\\\/www.hssaatio.fi\\\/#\\\/schema\\\/logo\\\/image\\\/\"}}]}<\/script>\n<!-- \/ Yoast SEO plugin. -->","yoast_head_json":{"title":"ANNUAL REPORT January 1 \u2212 December 31, 2025 - Helsingin Sanomain S\u00e4\u00e4ti\u00f6","robots":{"index":"index","follow":"follow","max-snippet":"max-snippet:-1","max-image-preview":"max-image-preview:large","max-video-preview":"max-video-preview:-1"},"canonical":"https:\/\/www.hssaatio.fi\/en\/annual-report-2025\/","og_locale":"en_US","og_type":"article","og_title":"ANNUAL REPORT January 1 \u2212 December 31, 2025 - Helsingin Sanomain S\u00e4\u00e4ti\u00f6","og_description":"ANNUAL REPORTJanuary 1 \u2212 December 31, 2025 THE FOUNDATION AND ITS PURPOSE The primary purpose of the Helsingin Sanomat Foundation","og_url":"https:\/\/www.hssaatio.fi\/en\/annual-report-2025\/","og_site_name":"Helsingin Sanomain S\u00e4\u00e4ti\u00f6","article_modified_time":"2026-03-25T16:39:38+00:00","og_image":[{"url":"https:\/\/www.hssaatio.fi\/wp-content\/uploads\/2026\/02\/natures-01-1024x683.jpg","type":"","width":"","height":""}],"twitter_card":"summary_large_image","twitter_misc":{"Est. reading time":"1 minute"},"schema":{"@context":"https:\/\/schema.org","@graph":[{"@type":"WebPage","@id":"https:\/\/www.hssaatio.fi\/en\/annual-report-2025\/","url":"https:\/\/www.hssaatio.fi\/en\/annual-report-2025\/","name":"ANNUAL REPORT January 1 \u2212 December 31, 2025 - Helsingin Sanomain S\u00e4\u00e4ti\u00f6","isPartOf":{"@id":"https:\/\/www.hssaatio.fi\/#website"},"primaryImageOfPage":{"@id":"https:\/\/www.hssaatio.fi\/en\/annual-report-2025\/#primaryimage"},"image":{"@id":"https:\/\/www.hssaatio.fi\/en\/annual-report-2025\/#primaryimage"},"thumbnailUrl":"https:\/\/www.hssaatio.fi\/wp-content\/uploads\/2026\/02\/natures-01-1024x683.jpg","datePublished":"2026-03-25T16:39:37+00:00","dateModified":"2026-03-25T16:39:38+00:00","inLanguage":"en-US","potentialAction":[{"@type":"ReadAction","target":["https:\/\/www.hssaatio.fi\/en\/annual-report-2025\/"]}]},{"@type":"ImageObject","inLanguage":"en-US","@id":"https:\/\/www.hssaatio.fi\/en\/annual-report-2025\/#primaryimage","url":"https:\/\/www.hssaatio.fi\/wp-content\/uploads\/2026\/02\/natures-01-1024x683.jpg","contentUrl":"https:\/\/www.hssaatio.fi\/wp-content\/uploads\/2026\/02\/natures-01-1024x683.jpg"},{"@type":"WebSite","@id":"https:\/\/www.hssaatio.fi\/#website","url":"https:\/\/www.hssaatio.fi\/","name":"Helsingin Sanomain S\u00e4\u00e4ti\u00f6","description":"Postiosoite PL 35 00089 Sanoma","publisher":{"@id":"https:\/\/www.hssaatio.fi\/#organization"},"potentialAction":[{"@type":"SearchAction","target":{"@type":"EntryPoint","urlTemplate":"https:\/\/www.hssaatio.fi\/?s={search_term_string}"},"query-input":{"@type":"PropertyValueSpecification","valueRequired":true,"valueName":"search_term_string"}}],"inLanguage":"en-US"},{"@type":"Organization","@id":"https:\/\/www.hssaatio.fi\/#organization","name":"Helsingin Sanomain S\u00e4\u00e4ti\u00f6","url":"https:\/\/www.hssaatio.fi\/","logo":{"@type":"ImageObject","inLanguage":"en-US","@id":"https:\/\/www.hssaatio.fi\/#\/schema\/logo\/image\/","url":"https:\/\/www.hssaatio.fi\/wp-content\/uploads\/2017\/01\/cropped-hss-logo-white2x.png","contentUrl":"https:\/\/www.hssaatio.fi\/wp-content\/uploads\/2017\/01\/cropped-hss-logo-white2x.png","width":270,"height":123,"caption":"Helsingin Sanomain S\u00e4\u00e4ti\u00f6"},"image":{"@id":"https:\/\/www.hssaatio.fi\/#\/schema\/logo\/image\/"}}]}},"uagb_featured_image_src":{"full":false,"thumbnail":false,"medium":false,"medium_large":false,"large":false,"1536x1536":false,"2048x2048":false},"uagb_author_info":{"display_name":"hssaatio","author_link":"https:\/\/www.hssaatio.fi\/en\/author\/hssaatio\/"},"uagb_comment_info":0,"uagb_excerpt":"ANNUAL REPORTJanuary 1 \u2212 December 31, 2025 THE FOUNDATION AND ITS PURPOSE The primary purpose of the Helsingin Sanomat Foundation","_links":{"self":[{"href":"https:\/\/www.hssaatio.fi\/en\/wp-json\/wp\/v2\/pages\/20096","targetHints":{"allow":["GET"]}}],"collection":[{"href":"https:\/\/www.hssaatio.fi\/en\/wp-json\/wp\/v2\/pages"}],"about":[{"href":"https:\/\/www.hssaatio.fi\/en\/wp-json\/wp\/v2\/types\/page"}],"author":[{"embeddable":true,"href":"https:\/\/www.hssaatio.fi\/en\/wp-json\/wp\/v2\/users\/1"}],"replies":[{"embeddable":true,"href":"https:\/\/www.hssaatio.fi\/en\/wp-json\/wp\/v2\/comments?post=20096"}],"version-history":[{"count":1,"href":"https:\/\/www.hssaatio.fi\/en\/wp-json\/wp\/v2\/pages\/20096\/revisions"}],"predecessor-version":[{"id":20098,"href":"https:\/\/www.hssaatio.fi\/en\/wp-json\/wp\/v2\/pages\/20096\/revisions\/20098"}],"wp:attachment":[{"href":"https:\/\/www.hssaatio.fi\/en\/wp-json\/wp\/v2\/media?parent=20096"}],"curies":[{"name":"wp","href":"https:\/\/api.w.org\/{rel}","templated":true}]}}