{"id":16620,"date":"2023-08-14T22:12:59","date_gmt":"2023-08-14T19:12:59","guid":{"rendered":"https:\/\/www.hssaatio.fi\/?page_id=16620"},"modified":"2023-08-14T22:12:59","modified_gmt":"2023-08-14T19:12:59","slug":"competitions","status":"publish","type":"page","link":"https:\/\/www.hssaatio.fi\/en\/competitions\/","title":{"rendered":"Competitions"},"content":{"rendered":"<div class=\"wpb-content-wrapper\"><p>[vc_row][vc_column width=&#8221;1\/4&#8243;][\/vc_column][vc_column width=&#8221;1\/2&#8243;][vc_column_text]<strong>Uutisraivaaja<\/strong><\/p>\n<p>Uutisraivaaja is a media innovation challenge organized by the Helsingin Sanomat Foundation every two years since 2010. The contest seeks timely and societally significant journalistic projects, which apply new technologies. Uutisraivaaja\u2019s goal is to advance innovations in journalism.<\/p>\n<p><a href=\"https:\/\/www.uutisraivaaja.fi\/en\/\">uutisraivaaja.fi<\/a><\/p>\n<p><strong>P\u00f6yt\u00e4kirjojen ulkopuolelta (Off the record)<\/strong><\/p>\n<p>P\u00f6yt\u00e4kirjojen ulkopuolelta (Off the record) is a writing contest for former and current employees of Sanoma Media Finland. The competition has been organized by the Helsingin Sanomat Foundation in 2009, 2014, and 2019, to mark the anniversary of the Helsingin Sanomat newspaper.[\/vc_column_text][vc_empty_space height=&#8221;120px&#8221;][\/vc_column][vc_column width=&#8221;1\/4&#8243;][\/vc_column][\/vc_row]<\/p>\n<\/div>","protected":false},"excerpt":{"rendered":"<p>[vc_row][vc_column width=&#8221;1\/4&#8243;][\/vc_column][vc_column width=&#8221;1\/2&#8243;][vc_column_text]Uutisraivaaja Uutisraivaaja is a media innovation challenge organized by the Helsingin Sanomat Foundation every two years since 2010.<\/p>\n","protected":false},"author":1,"featured_media":0,"parent":0,"menu_order":0,"comment_status":"closed","ping_status":"closed","template":"","meta":{"_uag_custom_page_level_css":"","site-sidebar-layout":"no-sidebar","site-content-layout":"plain-container","ast-site-content-layout":"default","site-content-style":"default","site-sidebar-style":"default","ast-global-header-display":"","ast-banner-title-visibility":"","ast-main-header-display":"","ast-hfb-above-header-display":"","ast-hfb-below-header-display":"","ast-hfb-mobile-header-display":"","site-post-title":"disabled","ast-breadcrumbs-content":"","ast-featured-img":"disabled","footer-sml-layout":"","ast-disable-related-posts":"","theme-transparent-header-meta":"","adv-header-id-meta":"","stick-header-meta":"","header-above-stick-meta":"","header-main-stick-meta":"","header-below-stick-meta":"","astra-migrate-meta-layouts":"default","ast-page-background-enabled":"default","ast-page-background-meta":{"desktop":{"background-color":"var(--ast-global-color-5)","background-image":"","background-repeat":"repeat","background-position":"center center","background-size":"auto","background-attachment":"scroll","background-type":"","background-media":"","overlay-type":"","overlay-color":"","overlay-opacity":"","overlay-gradient":""},"tablet":{"background-color":"","background-image":"","background-repeat":"repeat","background-position":"center center","background-size":"auto","background-attachment":"scroll","background-type":"","background-media":"","overlay-type":"","overlay-color":"","overlay-opacity":"","overlay-gradient":""},"mobile":{"background-color":"","background-image":"","background-repeat":"repeat","background-position":"center center","background-size":"auto","background-attachment":"scroll","background-type":"","background-media":"","overlay-type":"","overlay-color":"","overlay-opacity":"","overlay-gradient":""}},"ast-content-background-meta":{"desktop":{"background-color":"var(--ast-global-color-4)","background-image":"","background-repeat":"repeat","background-position":"center center","background-size":"auto","background-attachment":"scroll","background-type":"","background-media":"","overlay-type":"","overlay-color":"","overlay-opacity":"","overlay-gradient":""},"tablet":{"background-color":"var(--ast-global-color-4)","background-image":"","background-repeat":"repeat","background-position":"center center","background-size":"auto","background-attachment":"scroll","background-type":"","background-media":"","overlay-type":"","overlay-color":"","overlay-opacity":"","overlay-gradient":""},"mobile":{"background-color":"var(--ast-global-color-4)","background-image":"","background-repeat":"repeat","background-position":"center center","background-size":"auto","background-attachment":"scroll","background-type":"","background-media":"","overlay-type":"","overlay-color":"","overlay-opacity":"","overlay-gradient":""}},"footnotes":""},"class_list":["post-16620","page","type-page","status-publish","hentry"],"yoast_head":"<!-- This site is optimized with the Yoast SEO plugin v27.5 - https:\/\/yoast.com\/product\/yoast-seo-wordpress\/ -->\n<title>Competitions - Helsingin Sanomain S\u00e4\u00e4ti\u00f6<\/title>\n<meta name=\"robots\" content=\"index, follow, max-snippet:-1, max-image-preview:large, max-video-preview:-1\" \/>\n<link rel=\"canonical\" href=\"https:\/\/www.hssaatio.fi\/en\/competitions\/\" \/>\n<meta property=\"og:locale\" content=\"en_US\" \/>\n<meta property=\"og:type\" content=\"article\" \/>\n<meta property=\"og:title\" content=\"Competitions - Helsingin Sanomain S\u00e4\u00e4ti\u00f6\" \/>\n<meta property=\"og:description\" content=\"[vc_row][vc_column width=&#8221;1\/4&#8243;][\/vc_column][vc_column width=&#8221;1\/2&#8243;][vc_column_text]Uutisraivaaja Uutisraivaaja is a media innovation challenge organized by the Helsingin Sanomat Foundation every two years since 2010.\" \/>\n<meta property=\"og:url\" content=\"https:\/\/www.hssaatio.fi\/en\/competitions\/\" \/>\n<meta property=\"og:site_name\" content=\"Helsingin Sanomain S\u00e4\u00e4ti\u00f6\" \/>\n<meta name=\"twitter:card\" content=\"summary_large_image\" \/>\n<meta name=\"twitter:label1\" content=\"Est. reading time\" \/>\n\t<meta name=\"twitter:data1\" content=\"1 minute\" \/>\n<script type=\"application\/ld+json\" class=\"yoast-schema-graph\">{\"@context\":\"https:\\\/\\\/schema.org\",\"@graph\":[{\"@type\":\"WebPage\",\"@id\":\"https:\\\/\\\/www.hssaatio.fi\\\/en\\\/competitions\\\/\",\"url\":\"https:\\\/\\\/www.hssaatio.fi\\\/en\\\/competitions\\\/\",\"name\":\"Competitions - Helsingin Sanomain S\u00e4\u00e4ti\u00f6\",\"isPartOf\":{\"@id\":\"https:\\\/\\\/www.hssaatio.fi\\\/#website\"},\"datePublished\":\"2023-08-14T19:12:59+00:00\",\"inLanguage\":\"en-US\",\"potentialAction\":[{\"@type\":\"ReadAction\",\"target\":[\"https:\\\/\\\/www.hssaatio.fi\\\/en\\\/competitions\\\/\"]}]},{\"@type\":\"WebSite\",\"@id\":\"https:\\\/\\\/www.hssaatio.fi\\\/#website\",\"url\":\"https:\\\/\\\/www.hssaatio.fi\\\/\",\"name\":\"Helsingin Sanomain S\u00e4\u00e4ti\u00f6\",\"description\":\"Postiosoite PL 35 00089 Sanoma\",\"publisher\":{\"@id\":\"https:\\\/\\\/www.hssaatio.fi\\\/#organization\"},\"potentialAction\":[{\"@type\":\"SearchAction\",\"target\":{\"@type\":\"EntryPoint\",\"urlTemplate\":\"https:\\\/\\\/www.hssaatio.fi\\\/?s={search_term_string}\"},\"query-input\":{\"@type\":\"PropertyValueSpecification\",\"valueRequired\":true,\"valueName\":\"search_term_string\"}}],\"inLanguage\":\"en-US\"},{\"@type\":\"Organization\",\"@id\":\"https:\\\/\\\/www.hssaatio.fi\\\/#organization\",\"name\":\"Helsingin Sanomain S\u00e4\u00e4ti\u00f6\",\"url\":\"https:\\\/\\\/www.hssaatio.fi\\\/\",\"logo\":{\"@type\":\"ImageObject\",\"inLanguage\":\"en-US\",\"@id\":\"https:\\\/\\\/www.hssaatio.fi\\\/#\\\/schema\\\/logo\\\/image\\\/\",\"url\":\"https:\\\/\\\/www.hssaatio.fi\\\/wp-content\\\/uploads\\\/2017\\\/01\\\/cropped-hss-logo-white2x.png\",\"contentUrl\":\"https:\\\/\\\/www.hssaatio.fi\\\/wp-content\\\/uploads\\\/2017\\\/01\\\/cropped-hss-logo-white2x.png\",\"width\":270,\"height\":123,\"caption\":\"Helsingin Sanomain S\u00e4\u00e4ti\u00f6\"},\"image\":{\"@id\":\"https:\\\/\\\/www.hssaatio.fi\\\/#\\\/schema\\\/logo\\\/image\\\/\"}}]}<\/script>\n<!-- \/ Yoast SEO plugin. -->","yoast_head_json":{"title":"Competitions - Helsingin Sanomain S\u00e4\u00e4ti\u00f6","robots":{"index":"index","follow":"follow","max-snippet":"max-snippet:-1","max-image-preview":"max-image-preview:large","max-video-preview":"max-video-preview:-1"},"canonical":"https:\/\/www.hssaatio.fi\/en\/competitions\/","og_locale":"en_US","og_type":"article","og_title":"Competitions - Helsingin Sanomain S\u00e4\u00e4ti\u00f6","og_description":"[vc_row][vc_column width=&#8221;1\/4&#8243;][\/vc_column][vc_column width=&#8221;1\/2&#8243;][vc_column_text]Uutisraivaaja Uutisraivaaja is a media innovation challenge organized by the Helsingin Sanomat Foundation every two years since 2010.","og_url":"https:\/\/www.hssaatio.fi\/en\/competitions\/","og_site_name":"Helsingin Sanomain S\u00e4\u00e4ti\u00f6","twitter_card":"summary_large_image","twitter_misc":{"Est. reading time":"1 minute"},"schema":{"@context":"https:\/\/schema.org","@graph":[{"@type":"WebPage","@id":"https:\/\/www.hssaatio.fi\/en\/competitions\/","url":"https:\/\/www.hssaatio.fi\/en\/competitions\/","name":"Competitions - Helsingin Sanomain S\u00e4\u00e4ti\u00f6","isPartOf":{"@id":"https:\/\/www.hssaatio.fi\/#website"},"datePublished":"2023-08-14T19:12:59+00:00","inLanguage":"en-US","potentialAction":[{"@type":"ReadAction","target":["https:\/\/www.hssaatio.fi\/en\/competitions\/"]}]},{"@type":"WebSite","@id":"https:\/\/www.hssaatio.fi\/#website","url":"https:\/\/www.hssaatio.fi\/","name":"Helsingin Sanomain S\u00e4\u00e4ti\u00f6","description":"Postiosoite PL 35 00089 Sanoma","publisher":{"@id":"https:\/\/www.hssaatio.fi\/#organization"},"potentialAction":[{"@type":"SearchAction","target":{"@type":"EntryPoint","urlTemplate":"https:\/\/www.hssaatio.fi\/?s={search_term_string}"},"query-input":{"@type":"PropertyValueSpecification","valueRequired":true,"valueName":"search_term_string"}}],"inLanguage":"en-US"},{"@type":"Organization","@id":"https:\/\/www.hssaatio.fi\/#organization","name":"Helsingin Sanomain S\u00e4\u00e4ti\u00f6","url":"https:\/\/www.hssaatio.fi\/","logo":{"@type":"ImageObject","inLanguage":"en-US","@id":"https:\/\/www.hssaatio.fi\/#\/schema\/logo\/image\/","url":"https:\/\/www.hssaatio.fi\/wp-content\/uploads\/2017\/01\/cropped-hss-logo-white2x.png","contentUrl":"https:\/\/www.hssaatio.fi\/wp-content\/uploads\/2017\/01\/cropped-hss-logo-white2x.png","width":270,"height":123,"caption":"Helsingin Sanomain S\u00e4\u00e4ti\u00f6"},"image":{"@id":"https:\/\/www.hssaatio.fi\/#\/schema\/logo\/image\/"}}]}},"uagb_featured_image_src":{"full":false,"thumbnail":false,"medium":false,"medium_large":false,"large":false,"1536x1536":false,"2048x2048":false},"uagb_author_info":{"display_name":"hssaatio","author_link":"https:\/\/www.hssaatio.fi\/en\/author\/hssaatio\/"},"uagb_comment_info":0,"uagb_excerpt":"[vc_row][vc_column width=&#8221;1\/4&#8243;][\/vc_column][vc_column width=&#8221;1\/2&#8243;][vc_column_text]Uutisraivaaja Uutisraivaaja is a media innovation challenge organized by the Helsingin Sanomat Foundation every two years since 2010.","_links":{"self":[{"href":"https:\/\/www.hssaatio.fi\/en\/wp-json\/wp\/v2\/pages\/16620","targetHints":{"allow":["GET"]}}],"collection":[{"href":"https:\/\/www.hssaatio.fi\/en\/wp-json\/wp\/v2\/pages"}],"about":[{"href":"https:\/\/www.hssaatio.fi\/en\/wp-json\/wp\/v2\/types\/page"}],"author":[{"embeddable":true,"href":"https:\/\/www.hssaatio.fi\/en\/wp-json\/wp\/v2\/users\/1"}],"replies":[{"embeddable":true,"href":"https:\/\/www.hssaatio.fi\/en\/wp-json\/wp\/v2\/comments?post=16620"}],"version-history":[{"count":1,"href":"https:\/\/www.hssaatio.fi\/en\/wp-json\/wp\/v2\/pages\/16620\/revisions"}],"predecessor-version":[{"id":16621,"href":"https:\/\/www.hssaatio.fi\/en\/wp-json\/wp\/v2\/pages\/16620\/revisions\/16621"}],"wp:attachment":[{"href":"https:\/\/www.hssaatio.fi\/en\/wp-json\/wp\/v2\/media?parent=16620"}],"curies":[{"name":"wp","href":"https:\/\/api.w.org\/{rel}","templated":true}]}}