{"id":1571,"date":"2013-10-29T12:35:31","date_gmt":"2013-10-29T10:35:31","guid":{"rendered":"https:\/\/www.hssaatio.fi\/?page_id=1571"},"modified":"2025-12-19T13:02:35","modified_gmt":"2025-12-19T11:02:35","slug":"grants","status":"publish","type":"page","link":"https:\/\/www.hssaatio.fi\/en\/grants\/","title":{"rendered":"Awarded grants"},"content":{"rendered":"<div class=\"wpb-content-wrapper\"><p>[vc_row][vc_column width=&#8221;1\/4&#8243;][\/vc_column][vc_column width=&#8221;1\/2&#8243;][vc_column_text css=&#8221;&#8221;]<\/p>\n<p style=\"text-align: center;\"><em>\u00a0In the meeting held on November 27, 2025<br \/>\nthe Board of Trustees of the Helsingin Sanomat Foundation awarded<br \/>\nnine grants, in total 1,017,500 euros.<\/em><\/p>\n<p style=\"text-align: center;\">Here are listed all the awarded grants of the Helsingin Sanomat Foundation.<\/p>\n<p>[\/vc_column_text][\/vc_column][vc_column width=&#8221;1\/4&#8243;][\/vc_column][\/vc_row][vc_row][vc_column][vc_custom_heading text=&#8221;Grants awarded in the meeting 27.11.2025&#8243; font_container=&#8221;tag:h4|text_align:center&#8221; use_theme_fonts=&#8221;yes&#8221; css=&#8221;&#8221;][vc_basic_grid post_type=&#8221;apurahat&#8221; max_items=&#8221;10&#8243; item=&#8221;10586&#8243; css=&#8221;&#8221; grid_id=&#8221;vc_gid:1766141929172-857efaf1-8583-10&#8243; taxonomies=&#8221;198&#8243;][vc_custom_heading text=&#8221;Grants awarded in the meeting 24.9.2025&#8243; font_container=&#8221;tag:h4|text_align:center&#8221; use_theme_fonts=&#8221;yes&#8221; css=&#8221;&#8221;][vc_basic_grid post_type=&#8221;apurahat&#8221; max_items=&#8221;10&#8243; item=&#8221;10586&#8243; css=&#8221;&#8221; grid_id=&#8221;vc_gid:1766141936731-74c50f12-d815-3&#8243; taxonomies=&#8221;191&#8243;][vc_custom_heading text=&#8221;Grants awarded in the annual meeting 19.3.2025&#8243; font_container=&#8221;tag:h4|text_align:center&#8221; use_theme_fonts=&#8221;yes&#8221; css=&#8221;&#8221;][vc_basic_grid post_type=&#8221;apurahat&#8221; max_items=&#8221;10&#8243; item=&#8221;10586&#8243; css=&#8221;&#8221; grid_id=&#8221;vc_gid:1766141929173-8318ec36-f00a-10&#8243; taxonomies=&#8221;187&#8243;][vc_custom_heading text=&#8221;Grants awarded in the meeting 11.10.2024&#8243; font_container=&#8221;tag:h4|text_align:center&#8221; use_theme_fonts=&#8221;yes&#8221; css=&#8221;&#8221;][vc_basic_grid post_type=&#8221;apurahat&#8221; max_items=&#8221;10&#8243; item=&#8221;10586&#8243; css=&#8221;&#8221; grid_id=&#8221;vc_gid:1766141929173-3e0c947c-b45f-3&#8243; taxonomies=&#8221;185&#8243;][\/vc_column][\/vc_row][vc_row][vc_column][vc_custom_heading text=&#8221;Grants awarded in the annual meeting 27.3.2024&#8243; font_container=&#8221;tag:h4|text_align:center&#8221; use_theme_fonts=&#8221;yes&#8221;][vc_basic_grid post_type=&#8221;apurahat&#8221; max_items=&#8221;10&#8243; item=&#8221;10586&#8243; grid_id=&#8221;vc_gid:1766141929174-f191bdf9-27e4-1&#8243; taxonomies=&#8221;183&#8243;][\/vc_column][\/vc_row][vc_row][vc_column][vc_custom_heading text=&#8221;Grants awarded in the meeting 27.10.2023&#8243; font_container=&#8221;tag:h4|text_align:center&#8221; use_theme_fonts=&#8221;yes&#8221;][vc_basic_grid post_type=&#8221;apurahat&#8221; max_items=&#8221;10&#8243; item=&#8221;10586&#8243; grid_id=&#8221;vc_gid:1766141929174-46a04273-ceaa-3&#8243; taxonomies=&#8221;181&#8243;][\/vc_column][\/vc_row][vc_row][vc_column][vc_custom_heading text=&#8221;Grants awarded in the annual meeting 29.3.2023&#8243; font_container=&#8221;tag:h4|text_align:center&#8221; use_theme_fonts=&#8221;yes&#8221;][vc_basic_grid post_type=&#8221;apurahat&#8221; max_items=&#8221;10&#8243; item=&#8221;10586&#8243; grid_id=&#8221;vc_gid:1766141929175-90008831-aba3-6&#8243; taxonomies=&#8221;176&#8243;][\/vc_column][\/vc_row][vc_row][vc_column][vc_custom_heading text=&#8221;Grants awarded in the meeting 19.12.2022&#8243; font_container=&#8221;tag:h4|text_align:center&#8221; use_theme_fonts=&#8221;yes&#8221;][vc_basic_grid post_type=&#8221;apurahat&#8221; max_items=&#8221;10&#8243; item=&#8221;10586&#8243; grid_id=&#8221;vc_gid:1766141929175-6a9c3e9a-4d62-7&#8243; taxonomies=&#8221;171&#8243;][\/vc_column][\/vc_row][vc_row][vc_column][vc_custom_heading text=&#8221;Grants awarded in the meeting 22.9.2022&#8243; font_container=&#8221;tag:h4|text_align:center&#8221; use_theme_fonts=&#8221;yes&#8221;][vc_basic_grid post_type=&#8221;apurahat&#8221; max_items=&#8221;10&#8243; item=&#8221;10586&#8243; grid_id=&#8221;vc_gid:1766141929177-fc57e7c3-4641-7&#8243; taxonomies=&#8221;169&#8243;][\/vc_column][\/vc_row][vc_row][vc_column][vc_custom_heading text=&#8221;Grants awarded in the annual meeting 30.3.2022&#8243; font_container=&#8221;tag:h4|text_align:center&#8221; use_theme_fonts=&#8221;yes&#8221;][vc_basic_grid post_type=&#8221;apurahat&#8221; max_items=&#8221;-1&#8243; orderby=&#8221;meta_value_num&#8221; item=&#8221;11834&#8243; grid_id=&#8221;vc_gid:1766141929177-78d82c72-bd1b-2&#8243; meta_key=&#8221;_ct_text_5c755fe456348&#8243; taxonomies=&#8221;165&#8243;][\/vc_column][\/vc_row][vc_row][vc_column][vc_custom_heading text=&#8221;Grants awarded in the meeting 9.12.2021&#8243; font_container=&#8221;tag:h4|text_align:center&#8221; use_theme_fonts=&#8221;yes&#8221;][\/vc_column][\/vc_row][vc_row][vc_column][vc_basic_grid post_type=&#8221;apurahat&#8221; max_items=&#8221;-1&#8243; orderby=&#8221;meta_value_num&#8221; item=&#8221;10586&#8243; grid_id=&#8221;vc_gid:1766141929179-524f52d4-6e24-2&#8243; meta_key=&#8221;_ct_text_5c755fe456348&#8243; taxonomies=&#8221;162&#8243;][\/vc_column][\/vc_row][vc_row][vc_column][vc_custom_heading text=&#8221;Grants awarded in the meeting 20.9.2021&#8243; font_container=&#8221;tag:h4|text_align:center&#8221; use_theme_fonts=&#8221;yes&#8221;][\/vc_column][\/vc_row][vc_row][vc_column][vc_basic_grid post_type=&#8221;apurahat&#8221; max_items=&#8221;-1&#8243; orderby=&#8221;meta_value_num&#8221; item=&#8221;10586&#8243; grid_id=&#8221;vc_gid:1766141929179-7fec6a4d-a213-4&#8243; meta_key=&#8221;_ct_text_5c755fe456348&#8243; taxonomies=&#8221;158&#8243;][\/vc_column][\/vc_row][vc_row][vc_column][vc_custom_heading text=&#8221;Grants awarded in the annual meeting 20.3.2021&#8243; font_container=&#8221;tag:h4|text_align:center&#8221; use_theme_fonts=&#8221;yes&#8221;][\/vc_column][\/vc_row][vc_row][vc_column][vc_basic_grid post_type=&#8221;apurahat&#8221; max_items=&#8221;-1&#8243; orderby=&#8221;meta_value_num&#8221; item=&#8221;10586&#8243; grid_id=&#8221;vc_gid:1766141929180-7f3d9170-56df-0&#8243; meta_key=&#8221;_ct_text_5c755fe456348&#8243; taxonomies=&#8221;148&#8243;][\/vc_column][\/vc_row][vc_row][vc_column][vc_custom_heading text=&#8221;Grants awarded in the meeting 16.12.2020&#8243; font_container=&#8221;tag:h4|text_align:center&#8221; use_theme_fonts=&#8221;yes&#8221;][\/vc_column][\/vc_row][vc_row][vc_column][vc_basic_grid post_type=&#8221;apurahat&#8221; max_items=&#8221;-1&#8243; orderby=&#8221;meta_value_num&#8221; item=&#8221;10586&#8243; grid_id=&#8221;vc_gid:1766141929181-a81cd7de-61d9-9&#8243; meta_key=&#8221;_ct_text_5c755fe456348&#8243; taxonomies=&#8221;146&#8243;][\/vc_column][\/vc_row][vc_row][vc_column][vc_custom_heading text=&#8221;Grants awarded in the meeting 16.9.2020&#8243; font_container=&#8221;tag:h4|text_align:center&#8221; use_theme_fonts=&#8221;yes&#8221;][\/vc_column][\/vc_row][vc_row][vc_column][vc_basic_grid post_type=&#8221;apurahat&#8221; max_items=&#8221;-1&#8243; orderby=&#8221;meta_value_num&#8221; item=&#8221;10586&#8243; grid_id=&#8221;vc_gid:1766141929182-2119ee23-dee1-4&#8243; meta_key=&#8221;_ct_text_5c755fe456348&#8243; taxonomies=&#8221;143&#8243;][\/vc_column][\/vc_row][vc_row][vc_column][vc_custom_heading text=&#8221;Grants awarded in the annual meeting 26.3.2020&#8243; font_container=&#8221;tag:h4|text_align:center&#8221; use_theme_fonts=&#8221;yes&#8221;][\/vc_column][\/vc_row][vc_row][vc_column][vc_basic_grid post_type=&#8221;apurahat&#8221; max_items=&#8221;-1&#8243; orderby=&#8221;meta_value_num&#8221; item=&#8221;10586&#8243; grid_id=&#8221;vc_gid:1766141929182-155a39b7-4de2-10&#8243; meta_key=&#8221;_ct_text_5c755fe456348&#8243; taxonomies=&#8221;139&#8243;][\/vc_column][\/vc_row][vc_row][vc_column][vc_custom_heading text=&#8221;Grants awarded in the meeting 11.12.2019&#8243; font_container=&#8221;tag:h4|text_align:center&#8221; use_theme_fonts=&#8221;yes&#8221;][\/vc_column][\/vc_row][vc_row][vc_column][vc_basic_grid post_type=&#8221;apurahat&#8221; max_items=&#8221;-1&#8243; orderby=&#8221;meta_value_num&#8221; item=&#8221;10586&#8243; grid_id=&#8221;vc_gid:1766141929184-6624fe65-a416-9&#8243; meta_key=&#8221;_ct_text_5c755fe456348&#8243; taxonomies=&#8221;137&#8243;][\/vc_column][\/vc_row][vc_row][vc_column][vc_custom_heading text=&#8221;Grants awarded in the meeting 26.9.2019&#8243; font_container=&#8221;tag:h4|text_align:center&#8221; use_theme_fonts=&#8221;yes&#8221;][\/vc_column][\/vc_row][vc_row][vc_column][vc_basic_grid post_type=&#8221;apurahat&#8221; max_items=&#8221;-1&#8243; orderby=&#8221;meta_value_num&#8221; item=&#8221;10586&#8243; grid_id=&#8221;vc_gid:1766141929184-2271b844-4a6b-2&#8243; meta_key=&#8221;_ct_text_5c755fe456348&#8243; taxonomies=&#8221;121&#8243;][\/vc_column][\/vc_row][vc_row][vc_column][vc_custom_heading text=&#8221;Grants awarded in the meeting 28.3.2019&#8243; font_container=&#8221;tag:h4|text_align:center&#8221; use_theme_fonts=&#8221;yes&#8221;][\/vc_column][\/vc_row][vc_row][vc_column][vc_basic_grid post_type=&#8221;apurahat&#8221; max_items=&#8221;-1&#8243; orderby=&#8221;meta_value_num&#8221; item=&#8221;10586&#8243; grid_id=&#8221;vc_gid:1766141929185-a0a0c8d2-afb1-6&#8243; meta_key=&#8221;_ct_text_5c755fe456348&#8243; taxonomies=&#8221;119&#8243;][\/vc_column][\/vc_row][vc_row][vc_column][vc_custom_heading text=&#8221;Previously awarded grants, fellowships and donations&#8221; font_container=&#8221;tag:h4|text_align:center&#8221; use_theme_fonts=&#8221;yes&#8221;][\/vc_column][\/vc_row][vc_row][vc_column width=&#8221;1\/6&#8243;][\/vc_column][vc_column width=&#8221;2\/3&#8243;][vc_row_inner][vc_column_inner width=&#8221;1\/4&#8243;][vc_column_text]<a href=\"https:\/\/www.hssaatio.fi\/wp-content\/uploads\/2019\/03\/Awarded-grants-2018.pdf\" target=\"_blank\" rel=\"noopener noreferrer\">2018 (pdf)<\/a>[\/vc_column_text][\/vc_column_inner][vc_column_inner width=&#8221;1\/4&#8243;][vc_column_text]<a href=\"https:\/\/www.hssaatio.fi\/wp-content\/uploads\/2018\/02\/HSS_apurahat_2017_en.pdf\">2017 (pdf)<\/a><br \/>\n<a href=\"https:\/\/www.hssaatio.fi\/wp-content\/uploads\/2013\/10\/HSS_apurahat_2016_en.pdf\">2016 (pdf)<\/a><br \/>\n<a href=\"https:\/\/www.hssaatio.fi\/wp-content\/uploads\/2013\/10\/HSS_apurahat_2015_en.pdf\" rel=\"\">2015 (pdf)<\/a><br \/>\n<a href=\"https:\/\/www.hssaatio.fi\/wp-content\/uploads\/2013\/10\/HSS_apurahat_2014_en.pdf\">2014 (pdf)<\/a>[\/vc_column_text][\/vc_column_inner][vc_column_inner width=&#8221;1\/4&#8243;][vc_column_text]<a href=\"https:\/\/www.hssaatio.fi\/wp-content\/uploads\/2013\/10\/hss_apurahat_2013_en.pdf\">2013 (pdf)<\/a><br \/>\n<a href=\"https:\/\/www.hssaatio.fi\/wp-content\/uploads\/2013\/10\/hss_grants_2012.pdf\">2012 (pdf)<\/a><br \/>\n<a href=\"https:\/\/www.hssaatio.fi\/wp-content\/uploads\/2013\/10\/grants11b_english.pdf\">2011 (pdf)<\/a>[\/vc_column_text][\/vc_column_inner][vc_column_inner width=&#8221;1\/4&#8243;][vc_column_text]<a href=\"https:\/\/www.hssaatio.fi\/wp-content\/uploads\/2013\/10\/Apurahamoniste_2010_Engl.pdf\">2010 (pdf)<\/a><br \/>\n<a href=\"https:\/\/www.hssaatio.fi\/wp-content\/uploads\/2013\/10\/apurahamoniste09en.pdf\">2009 (pdf)<\/a><br \/>\n<a href=\"https:\/\/www.hssaatio.fi\/wp-content\/uploads\/2013\/10\/apurahat08en.pdf\">2008 (pdf)<\/a>[\/vc_column_text][\/vc_column_inner][\/vc_row_inner][\/vc_column][vc_column width=&#8221;1\/6&#8243;][\/vc_column][\/vc_row]<\/p>\n<\/div>","protected":false},"excerpt":{"rendered":"<p>[vc_row][vc_column width=&#8221;1\/4&#8243;][\/vc_column][vc_column width=&#8221;1\/2&#8243;][vc_column_text css=&#8221;&#8221;] \u00a0In the meeting held on November 27, 2025 the Board of Trustees of the Helsingin Sanomat<\/p>\n","protected":false},"author":1,"featured_media":0,"parent":0,"menu_order":5,"comment_status":"closed","ping_status":"closed","template":"","meta":{"_uag_custom_page_level_css":"","site-sidebar-layout":"no-sidebar","site-content-layout":"plain-container","ast-site-content-layout":"default","site-content-style":"default","site-sidebar-style":"default","ast-global-header-display":"","ast-banner-title-visibility":"","ast-main-header-display":"","ast-hfb-above-header-display":"","ast-hfb-below-header-display":"","ast-hfb-mobile-header-display":"","site-post-title":"disabled","ast-breadcrumbs-content":"","ast-featured-img":"disabled","footer-sml-layout":"","ast-disable-related-posts":"","theme-transparent-header-meta":"","adv-header-id-meta":"","stick-header-meta":"","header-above-stick-meta":"","header-main-stick-meta":"","header-below-stick-meta":"","astra-migrate-meta-layouts":"default","ast-page-background-enabled":"default","ast-page-background-meta":{"desktop":{"background-color":"var(--ast-global-color-5)","background-image":"","background-repeat":"repeat","background-position":"center center","background-size":"auto","background-attachment":"scroll","background-type":"","background-media":"","overlay-type":"","overlay-color":"","overlay-opacity":"","overlay-gradient":""},"tablet":{"background-color":"","background-image":"","background-repeat":"repeat","background-position":"center center","background-size":"auto","background-attachment":"scroll","background-type":"","background-media":"","overlay-type":"","overlay-color":"","overlay-opacity":"","overlay-gradient":""},"mobile":{"background-color":"","background-image":"","background-repeat":"repeat","background-position":"center center","background-size":"auto","background-attachment":"scroll","background-type":"","background-media":"","overlay-type":"","overlay-color":"","overlay-opacity":"","overlay-gradient":""}},"ast-content-background-meta":{"desktop":{"background-color":"var(--ast-global-color-4)","background-image":"","background-repeat":"repeat","background-position":"center center","background-size":"auto","background-attachment":"scroll","background-type":"","background-media":"","overlay-type":"","overlay-color":"","overlay-opacity":"","overlay-gradient":""},"tablet":{"background-color":"var(--ast-global-color-4)","background-image":"","background-repeat":"repeat","background-position":"center center","background-size":"auto","background-attachment":"scroll","background-type":"","background-media":"","overlay-type":"","overlay-color":"","overlay-opacity":"","overlay-gradient":""},"mobile":{"background-color":"var(--ast-global-color-4)","background-image":"","background-repeat":"repeat","background-position":"center center","background-size":"auto","background-attachment":"scroll","background-type":"","background-media":"","overlay-type":"","overlay-color":"","overlay-opacity":"","overlay-gradient":""}},"footnotes":""},"class_list":["post-1571","page","type-page","status-publish","hentry"],"yoast_head":"<!-- This site is optimized with the Yoast SEO plugin v27.4 - https:\/\/yoast.com\/product\/yoast-seo-wordpress\/ -->\n<title>Awarded grants - Helsingin Sanomain S\u00e4\u00e4ti\u00f6<\/title>\n<meta name=\"robots\" content=\"index, follow, max-snippet:-1, max-image-preview:large, max-video-preview:-1\" \/>\n<link rel=\"canonical\" href=\"https:\/\/www.hssaatio.fi\/en\/grants\/\" \/>\n<meta property=\"og:locale\" content=\"en_US\" \/>\n<meta property=\"og:type\" content=\"article\" \/>\n<meta property=\"og:title\" content=\"Awarded grants - Helsingin Sanomain S\u00e4\u00e4ti\u00f6\" \/>\n<meta property=\"og:description\" content=\"[vc_row][vc_column width=&#8221;1\/4&#8243;][\/vc_column][vc_column width=&#8221;1\/2&#8243;][vc_column_text css=&#8221;&#8221;] \u00a0In the meeting held on November 27, 2025 the Board of Trustees of the Helsingin Sanomat\" \/>\n<meta property=\"og:url\" content=\"https:\/\/www.hssaatio.fi\/en\/grants\/\" \/>\n<meta property=\"og:site_name\" content=\"Helsingin Sanomain S\u00e4\u00e4ti\u00f6\" \/>\n<meta property=\"article:modified_time\" content=\"2025-12-19T11:02:35+00:00\" \/>\n<meta name=\"twitter:card\" content=\"summary_large_image\" \/>\n<meta name=\"twitter:label1\" content=\"Est. reading time\" \/>\n\t<meta name=\"twitter:data1\" content=\"3 minutes\" \/>\n<script type=\"application\/ld+json\" class=\"yoast-schema-graph\">{\"@context\":\"https:\\\/\\\/schema.org\",\"@graph\":[{\"@type\":\"WebPage\",\"@id\":\"https:\\\/\\\/www.hssaatio.fi\\\/en\\\/grants\\\/\",\"url\":\"https:\\\/\\\/www.hssaatio.fi\\\/en\\\/grants\\\/\",\"name\":\"Awarded grants - Helsingin Sanomain S\u00e4\u00e4ti\u00f6\",\"isPartOf\":{\"@id\":\"https:\\\/\\\/www.hssaatio.fi\\\/#website\"},\"datePublished\":\"2013-10-29T10:35:31+00:00\",\"dateModified\":\"2025-12-19T11:02:35+00:00\",\"inLanguage\":\"en-US\",\"potentialAction\":[{\"@type\":\"ReadAction\",\"target\":[\"https:\\\/\\\/www.hssaatio.fi\\\/en\\\/grants\\\/\"]}]},{\"@type\":\"WebSite\",\"@id\":\"https:\\\/\\\/www.hssaatio.fi\\\/#website\",\"url\":\"https:\\\/\\\/www.hssaatio.fi\\\/\",\"name\":\"Helsingin Sanomain S\u00e4\u00e4ti\u00f6\",\"description\":\"Postiosoite PL 35 00089 Sanoma\",\"publisher\":{\"@id\":\"https:\\\/\\\/www.hssaatio.fi\\\/#organization\"},\"potentialAction\":[{\"@type\":\"SearchAction\",\"target\":{\"@type\":\"EntryPoint\",\"urlTemplate\":\"https:\\\/\\\/www.hssaatio.fi\\\/?s={search_term_string}\"},\"query-input\":{\"@type\":\"PropertyValueSpecification\",\"valueRequired\":true,\"valueName\":\"search_term_string\"}}],\"inLanguage\":\"en-US\"},{\"@type\":\"Organization\",\"@id\":\"https:\\\/\\\/www.hssaatio.fi\\\/#organization\",\"name\":\"Helsingin Sanomain S\u00e4\u00e4ti\u00f6\",\"url\":\"https:\\\/\\\/www.hssaatio.fi\\\/\",\"logo\":{\"@type\":\"ImageObject\",\"inLanguage\":\"en-US\",\"@id\":\"https:\\\/\\\/www.hssaatio.fi\\\/#\\\/schema\\\/logo\\\/image\\\/\",\"url\":\"https:\\\/\\\/www.hssaatio.fi\\\/wp-content\\\/uploads\\\/2017\\\/01\\\/cropped-hss-logo-white2x.png\",\"contentUrl\":\"https:\\\/\\\/www.hssaatio.fi\\\/wp-content\\\/uploads\\\/2017\\\/01\\\/cropped-hss-logo-white2x.png\",\"width\":270,\"height\":123,\"caption\":\"Helsingin Sanomain S\u00e4\u00e4ti\u00f6\"},\"image\":{\"@id\":\"https:\\\/\\\/www.hssaatio.fi\\\/#\\\/schema\\\/logo\\\/image\\\/\"}}]}<\/script>\n<!-- \/ Yoast SEO plugin. -->","yoast_head_json":{"title":"Awarded grants - Helsingin Sanomain S\u00e4\u00e4ti\u00f6","robots":{"index":"index","follow":"follow","max-snippet":"max-snippet:-1","max-image-preview":"max-image-preview:large","max-video-preview":"max-video-preview:-1"},"canonical":"https:\/\/www.hssaatio.fi\/en\/grants\/","og_locale":"en_US","og_type":"article","og_title":"Awarded grants - Helsingin Sanomain S\u00e4\u00e4ti\u00f6","og_description":"[vc_row][vc_column width=&#8221;1\/4&#8243;][\/vc_column][vc_column width=&#8221;1\/2&#8243;][vc_column_text css=&#8221;&#8221;] \u00a0In the meeting held on November 27, 2025 the Board of Trustees of the Helsingin Sanomat","og_url":"https:\/\/www.hssaatio.fi\/en\/grants\/","og_site_name":"Helsingin Sanomain S\u00e4\u00e4ti\u00f6","article_modified_time":"2025-12-19T11:02:35+00:00","twitter_card":"summary_large_image","twitter_misc":{"Est. reading time":"3 minutes"},"schema":{"@context":"https:\/\/schema.org","@graph":[{"@type":"WebPage","@id":"https:\/\/www.hssaatio.fi\/en\/grants\/","url":"https:\/\/www.hssaatio.fi\/en\/grants\/","name":"Awarded grants - Helsingin Sanomain S\u00e4\u00e4ti\u00f6","isPartOf":{"@id":"https:\/\/www.hssaatio.fi\/#website"},"datePublished":"2013-10-29T10:35:31+00:00","dateModified":"2025-12-19T11:02:35+00:00","inLanguage":"en-US","potentialAction":[{"@type":"ReadAction","target":["https:\/\/www.hssaatio.fi\/en\/grants\/"]}]},{"@type":"WebSite","@id":"https:\/\/www.hssaatio.fi\/#website","url":"https:\/\/www.hssaatio.fi\/","name":"Helsingin Sanomain S\u00e4\u00e4ti\u00f6","description":"Postiosoite PL 35 00089 Sanoma","publisher":{"@id":"https:\/\/www.hssaatio.fi\/#organization"},"potentialAction":[{"@type":"SearchAction","target":{"@type":"EntryPoint","urlTemplate":"https:\/\/www.hssaatio.fi\/?s={search_term_string}"},"query-input":{"@type":"PropertyValueSpecification","valueRequired":true,"valueName":"search_term_string"}}],"inLanguage":"en-US"},{"@type":"Organization","@id":"https:\/\/www.hssaatio.fi\/#organization","name":"Helsingin Sanomain S\u00e4\u00e4ti\u00f6","url":"https:\/\/www.hssaatio.fi\/","logo":{"@type":"ImageObject","inLanguage":"en-US","@id":"https:\/\/www.hssaatio.fi\/#\/schema\/logo\/image\/","url":"https:\/\/www.hssaatio.fi\/wp-content\/uploads\/2017\/01\/cropped-hss-logo-white2x.png","contentUrl":"https:\/\/www.hssaatio.fi\/wp-content\/uploads\/2017\/01\/cropped-hss-logo-white2x.png","width":270,"height":123,"caption":"Helsingin Sanomain S\u00e4\u00e4ti\u00f6"},"image":{"@id":"https:\/\/www.hssaatio.fi\/#\/schema\/logo\/image\/"}}]}},"uagb_featured_image_src":{"full":false,"thumbnail":false,"medium":false,"medium_large":false,"large":false,"1536x1536":false,"2048x2048":false},"uagb_author_info":{"display_name":"hssaatio","author_link":"https:\/\/www.hssaatio.fi\/en\/author\/hssaatio\/"},"uagb_comment_info":0,"uagb_excerpt":"[vc_row][vc_column width=&#8221;1\/4&#8243;][\/vc_column][vc_column width=&#8221;1\/2&#8243;][vc_column_text css=&#8221;&#8221;] \u00a0In the meeting held on November 27, 2025 the Board of Trustees of the Helsingin Sanomat","_links":{"self":[{"href":"https:\/\/www.hssaatio.fi\/en\/wp-json\/wp\/v2\/pages\/1571","targetHints":{"allow":["GET"]}}],"collection":[{"href":"https:\/\/www.hssaatio.fi\/en\/wp-json\/wp\/v2\/pages"}],"about":[{"href":"https:\/\/www.hssaatio.fi\/en\/wp-json\/wp\/v2\/types\/page"}],"author":[{"embeddable":true,"href":"https:\/\/www.hssaatio.fi\/en\/wp-json\/wp\/v2\/users\/1"}],"replies":[{"embeddable":true,"href":"https:\/\/www.hssaatio.fi\/en\/wp-json\/wp\/v2\/comments?post=1571"}],"version-history":[{"count":7,"href":"https:\/\/www.hssaatio.fi\/en\/wp-json\/wp\/v2\/pages\/1571\/revisions"}],"predecessor-version":[{"id":19360,"href":"https:\/\/www.hssaatio.fi\/en\/wp-json\/wp\/v2\/pages\/1571\/revisions\/19360"}],"wp:attachment":[{"href":"https:\/\/www.hssaatio.fi\/en\/wp-json\/wp\/v2\/media?parent=1571"}],"curies":[{"name":"wp","href":"https:\/\/api.w.org\/{rel}","templated":true}]}}