{"id":1362,"date":"2013-10-15T16:14:01","date_gmt":"2013-10-15T13:14:01","guid":{"rendered":"https:\/\/www.hssaatio.fi\/?page_id=1362"},"modified":"2013-11-05T15:52:18","modified_gmt":"2013-11-05T13:52:18","slug":"privacy-protection","status":"publish","type":"page","link":"https:\/\/www.hssaatio.fi\/en\/privacy-protection\/","title":{"rendered":"Privacy protection"},"content":{"rendered":"<div class=\"wpb-content-wrapper\"><p>[vc_row][vc_column width=&#8221;1\/1&#8243;][vc_column_text]<\/p>\n<h1>Privacy protection<\/h1>\n<p>[\/vc_column_text][\/vc_column][\/vc_row][vc_row][vc_column width=&#8221;1\/1&#8243;][vc_separator][\/vc_column][\/vc_row][vc_row][vc_column width=&#8221;1\/1&#8243;][vc_column_text]<\/p>\n<blockquote><p>The processing of applications in the electronic grant application system of the Helsingin Sanomat Foundation creates a data file referred to in the Finnish Personal Data Act (523\/1999).<\/p><\/blockquote>\n<p>[\/vc_column_text][\/vc_column][\/vc_row][vc_row][vc_column width=&#8221;1\/1&#8243;][vc_separator][\/vc_column][\/vc_row][vc_row][vc_column width=&#8221;1\/3&#8243;][vc_column_text]<\/p>\n<h2>Data protection<\/h2>\n<p>[\/vc_column_text][\/vc_column][vc_column width=&#8221;2\/3&#8243;][vc_column_text]<\/p>\n<div id=\"main-content\">\n<div id=\"colmask\">\n<div id=\"colmid\">\n<div id=\"colright\">\n<div id=\"col1wrap\">\n<div id=\"col1pad\">\n<div id=\"col1\">\n<div>\n<div id=\"page\">\n<p>The controller of the data file is the Helsingin Sanomat Foundation. Contact person is Sirpa Ikonen, whose contact information is given on the Foundation&#8217;s website. The collected personal data is used to process grant applications and distributed grants.<\/p>\n<p>The data file contains the information yielded in the grant applications and information related to the payment of grants. Information on grants paid to natural persons is disclosed to the tax administration and to the Farmers&#8217; Social Insurance Institution. Information on positive grant decisions and the granted sum is published on the Foundation&#8217;s website and in the annual report.<\/p>\n<p>Everyone has the right to access the data concerning himself or herself, the right to demand correction of erroneous information and the right to claim any other right secured to him or her in the Personal Data Act. Requests concerning these matters shall be delivered to the Foundation&#8217;s office in writing.<\/p>\n<p><a href=\"https:\/\/www.hssaatio.fi\/wp-content\/uploads\/2013\/10\/DATAFILE.pdf\">Datafile<\/a> description according to Section 10 of the Personal Data Act.<\/p>\n<\/div>\n<\/div>\n<\/div>\n<\/div>\n<\/div>\n<\/div>\n<\/div>\n<\/div>\n<\/div>\n<p>[\/vc_column_text][\/vc_column][\/vc_row]<\/p>\n<\/div>","protected":false},"excerpt":{"rendered":"<p>[vc_row][vc_column width=&#8221;1\/1&#8243;][vc_column_text] Privacy protection [\/vc_column_text][\/vc_column][\/vc_row][vc_row][vc_column width=&#8221;1\/1&#8243;][vc_separator][\/vc_column][\/vc_row][vc_row][vc_column width=&#8221;1\/1&#8243;][vc_column_text] The processing of applications in the electronic grant application system of the Helsingin<\/p>\n","protected":false},"author":2,"featured_media":0,"parent":0,"menu_order":0,"comment_status":"closed","ping_status":"closed","template":"","meta":{"_uag_custom_page_level_css":"","site-sidebar-layout":"no-sidebar","site-content-layout":"plain-container","ast-site-content-layout":"default","site-content-style":"default","site-sidebar-style":"default","ast-global-header-display":"","ast-banner-title-visibility":"","ast-main-header-display":"","ast-hfb-above-header-display":"","ast-hfb-below-header-display":"","ast-hfb-mobile-header-display":"","site-post-title":"disabled","ast-breadcrumbs-content":"","ast-featured-img":"disabled","footer-sml-layout":"","ast-disable-related-posts":"","theme-transparent-header-meta":"","adv-header-id-meta":"","stick-header-meta":"","header-above-stick-meta":"","header-main-stick-meta":"","header-below-stick-meta":"","astra-migrate-meta-layouts":"default","ast-page-background-enabled":"default","ast-page-background-meta":{"desktop":{"background-color":"var(--ast-global-color-5)","background-image":"","background-repeat":"repeat","background-position":"center center","background-size":"auto","background-attachment":"scroll","background-type":"","background-media":"","overlay-type":"","overlay-color":"","overlay-opacity":"","overlay-gradient":""},"tablet":{"background-color":"","background-image":"","background-repeat":"repeat","background-position":"center center","background-size":"auto","background-attachment":"scroll","background-type":"","background-media":"","overlay-type":"","overlay-color":"","overlay-opacity":"","overlay-gradient":""},"mobile":{"background-color":"","background-image":"","background-repeat":"repeat","background-position":"center center","background-size":"auto","background-attachment":"scroll","background-type":"","background-media":"","overlay-type":"","overlay-color":"","overlay-opacity":"","overlay-gradient":""}},"ast-content-background-meta":{"desktop":{"background-color":"var(--ast-global-color-4)","background-image":"","background-repeat":"repeat","background-position":"center center","background-size":"auto","background-attachment":"scroll","background-type":"","background-media":"","overlay-type":"","overlay-color":"","overlay-opacity":"","overlay-gradient":""},"tablet":{"background-color":"var(--ast-global-color-4)","background-image":"","background-repeat":"repeat","background-position":"center center","background-size":"auto","background-attachment":"scroll","background-type":"","background-media":"","overlay-type":"","overlay-color":"","overlay-opacity":"","overlay-gradient":""},"mobile":{"background-color":"var(--ast-global-color-4)","background-image":"","background-repeat":"repeat","background-position":"center center","background-size":"auto","background-attachment":"scroll","background-type":"","background-media":"","overlay-type":"","overlay-color":"","overlay-opacity":"","overlay-gradient":""}},"footnotes":""},"class_list":["post-1362","page","type-page","status-publish","hentry"],"yoast_head":"<!-- This site is optimized with the Yoast SEO plugin v27.5 - https:\/\/yoast.com\/product\/yoast-seo-wordpress\/ -->\n<title>Privacy protection - Helsingin Sanomain S\u00e4\u00e4ti\u00f6<\/title>\n<meta name=\"robots\" content=\"index, follow, max-snippet:-1, max-image-preview:large, max-video-preview:-1\" \/>\n<link rel=\"canonical\" href=\"https:\/\/www.hssaatio.fi\/en\/privacy-protection\/\" \/>\n<meta property=\"og:locale\" content=\"en_US\" \/>\n<meta property=\"og:type\" content=\"article\" \/>\n<meta property=\"og:title\" content=\"Privacy protection - Helsingin Sanomain S\u00e4\u00e4ti\u00f6\" \/>\n<meta property=\"og:description\" content=\"[vc_row][vc_column width=&#8221;1\/1&#8243;][vc_column_text] Privacy protection [\/vc_column_text][\/vc_column][\/vc_row][vc_row][vc_column width=&#8221;1\/1&#8243;][vc_separator][\/vc_column][\/vc_row][vc_row][vc_column width=&#8221;1\/1&#8243;][vc_column_text] The processing of applications in the electronic grant application system of the Helsingin\" \/>\n<meta property=\"og:url\" content=\"https:\/\/www.hssaatio.fi\/en\/privacy-protection\/\" \/>\n<meta property=\"og:site_name\" content=\"Helsingin Sanomain S\u00e4\u00e4ti\u00f6\" \/>\n<meta property=\"article:modified_time\" content=\"2013-11-05T13:52:18+00:00\" \/>\n<meta name=\"twitter:card\" content=\"summary_large_image\" \/>\n<meta name=\"twitter:label1\" content=\"Est. reading time\" \/>\n\t<meta name=\"twitter:data1\" content=\"1 minute\" \/>\n<script type=\"application\/ld+json\" class=\"yoast-schema-graph\">{\"@context\":\"https:\\\/\\\/schema.org\",\"@graph\":[{\"@type\":\"WebPage\",\"@id\":\"https:\\\/\\\/www.hssaatio.fi\\\/en\\\/privacy-protection\\\/\",\"url\":\"https:\\\/\\\/www.hssaatio.fi\\\/en\\\/privacy-protection\\\/\",\"name\":\"Privacy protection - Helsingin Sanomain S\u00e4\u00e4ti\u00f6\",\"isPartOf\":{\"@id\":\"https:\\\/\\\/www.hssaatio.fi\\\/#website\"},\"datePublished\":\"2013-10-15T13:14:01+00:00\",\"dateModified\":\"2013-11-05T13:52:18+00:00\",\"inLanguage\":\"en-US\",\"potentialAction\":[{\"@type\":\"ReadAction\",\"target\":[\"https:\\\/\\\/www.hssaatio.fi\\\/en\\\/privacy-protection\\\/\"]}]},{\"@type\":\"WebSite\",\"@id\":\"https:\\\/\\\/www.hssaatio.fi\\\/#website\",\"url\":\"https:\\\/\\\/www.hssaatio.fi\\\/\",\"name\":\"Helsingin Sanomain S\u00e4\u00e4ti\u00f6\",\"description\":\"Postiosoite PL 35 00089 Sanoma\",\"publisher\":{\"@id\":\"https:\\\/\\\/www.hssaatio.fi\\\/#organization\"},\"potentialAction\":[{\"@type\":\"SearchAction\",\"target\":{\"@type\":\"EntryPoint\",\"urlTemplate\":\"https:\\\/\\\/www.hssaatio.fi\\\/?s={search_term_string}\"},\"query-input\":{\"@type\":\"PropertyValueSpecification\",\"valueRequired\":true,\"valueName\":\"search_term_string\"}}],\"inLanguage\":\"en-US\"},{\"@type\":\"Organization\",\"@id\":\"https:\\\/\\\/www.hssaatio.fi\\\/#organization\",\"name\":\"Helsingin Sanomain S\u00e4\u00e4ti\u00f6\",\"url\":\"https:\\\/\\\/www.hssaatio.fi\\\/\",\"logo\":{\"@type\":\"ImageObject\",\"inLanguage\":\"en-US\",\"@id\":\"https:\\\/\\\/www.hssaatio.fi\\\/#\\\/schema\\\/logo\\\/image\\\/\",\"url\":\"https:\\\/\\\/www.hssaatio.fi\\\/wp-content\\\/uploads\\\/2017\\\/01\\\/cropped-hss-logo-white2x.png\",\"contentUrl\":\"https:\\\/\\\/www.hssaatio.fi\\\/wp-content\\\/uploads\\\/2017\\\/01\\\/cropped-hss-logo-white2x.png\",\"width\":270,\"height\":123,\"caption\":\"Helsingin Sanomain S\u00e4\u00e4ti\u00f6\"},\"image\":{\"@id\":\"https:\\\/\\\/www.hssaatio.fi\\\/#\\\/schema\\\/logo\\\/image\\\/\"}}]}<\/script>\n<!-- \/ Yoast SEO plugin. -->","yoast_head_json":{"title":"Privacy protection - Helsingin Sanomain S\u00e4\u00e4ti\u00f6","robots":{"index":"index","follow":"follow","max-snippet":"max-snippet:-1","max-image-preview":"max-image-preview:large","max-video-preview":"max-video-preview:-1"},"canonical":"https:\/\/www.hssaatio.fi\/en\/privacy-protection\/","og_locale":"en_US","og_type":"article","og_title":"Privacy protection - Helsingin Sanomain S\u00e4\u00e4ti\u00f6","og_description":"[vc_row][vc_column width=&#8221;1\/1&#8243;][vc_column_text] Privacy protection [\/vc_column_text][\/vc_column][\/vc_row][vc_row][vc_column width=&#8221;1\/1&#8243;][vc_separator][\/vc_column][\/vc_row][vc_row][vc_column width=&#8221;1\/1&#8243;][vc_column_text] The processing of applications in the electronic grant application system of the Helsingin","og_url":"https:\/\/www.hssaatio.fi\/en\/privacy-protection\/","og_site_name":"Helsingin Sanomain S\u00e4\u00e4ti\u00f6","article_modified_time":"2013-11-05T13:52:18+00:00","twitter_card":"summary_large_image","twitter_misc":{"Est. reading time":"1 minute"},"schema":{"@context":"https:\/\/schema.org","@graph":[{"@type":"WebPage","@id":"https:\/\/www.hssaatio.fi\/en\/privacy-protection\/","url":"https:\/\/www.hssaatio.fi\/en\/privacy-protection\/","name":"Privacy protection - Helsingin Sanomain S\u00e4\u00e4ti\u00f6","isPartOf":{"@id":"https:\/\/www.hssaatio.fi\/#website"},"datePublished":"2013-10-15T13:14:01+00:00","dateModified":"2013-11-05T13:52:18+00:00","inLanguage":"en-US","potentialAction":[{"@type":"ReadAction","target":["https:\/\/www.hssaatio.fi\/en\/privacy-protection\/"]}]},{"@type":"WebSite","@id":"https:\/\/www.hssaatio.fi\/#website","url":"https:\/\/www.hssaatio.fi\/","name":"Helsingin Sanomain S\u00e4\u00e4ti\u00f6","description":"Postiosoite PL 35 00089 Sanoma","publisher":{"@id":"https:\/\/www.hssaatio.fi\/#organization"},"potentialAction":[{"@type":"SearchAction","target":{"@type":"EntryPoint","urlTemplate":"https:\/\/www.hssaatio.fi\/?s={search_term_string}"},"query-input":{"@type":"PropertyValueSpecification","valueRequired":true,"valueName":"search_term_string"}}],"inLanguage":"en-US"},{"@type":"Organization","@id":"https:\/\/www.hssaatio.fi\/#organization","name":"Helsingin Sanomain S\u00e4\u00e4ti\u00f6","url":"https:\/\/www.hssaatio.fi\/","logo":{"@type":"ImageObject","inLanguage":"en-US","@id":"https:\/\/www.hssaatio.fi\/#\/schema\/logo\/image\/","url":"https:\/\/www.hssaatio.fi\/wp-content\/uploads\/2017\/01\/cropped-hss-logo-white2x.png","contentUrl":"https:\/\/www.hssaatio.fi\/wp-content\/uploads\/2017\/01\/cropped-hss-logo-white2x.png","width":270,"height":123,"caption":"Helsingin Sanomain S\u00e4\u00e4ti\u00f6"},"image":{"@id":"https:\/\/www.hssaatio.fi\/#\/schema\/logo\/image\/"}}]}},"uagb_featured_image_src":{"full":false,"thumbnail":false,"medium":false,"medium_large":false,"large":false,"1536x1536":false,"2048x2048":false},"uagb_author_info":{"display_name":"Sirpa Ikonen","author_link":"https:\/\/www.hssaatio.fi\/en\/author\/toimisto\/"},"uagb_comment_info":0,"uagb_excerpt":"[vc_row][vc_column width=&#8221;1\/1&#8243;][vc_column_text] Privacy protection [\/vc_column_text][\/vc_column][\/vc_row][vc_row][vc_column width=&#8221;1\/1&#8243;][vc_separator][\/vc_column][\/vc_row][vc_row][vc_column width=&#8221;1\/1&#8243;][vc_column_text] The processing of applications in the electronic grant application system of the Helsingin","_links":{"self":[{"href":"https:\/\/www.hssaatio.fi\/en\/wp-json\/wp\/v2\/pages\/1362","targetHints":{"allow":["GET"]}}],"collection":[{"href":"https:\/\/www.hssaatio.fi\/en\/wp-json\/wp\/v2\/pages"}],"about":[{"href":"https:\/\/www.hssaatio.fi\/en\/wp-json\/wp\/v2\/types\/page"}],"author":[{"embeddable":true,"href":"https:\/\/www.hssaatio.fi\/en\/wp-json\/wp\/v2\/users\/2"}],"replies":[{"embeddable":true,"href":"https:\/\/www.hssaatio.fi\/en\/wp-json\/wp\/v2\/comments?post=1362"}],"version-history":[{"count":4,"href":"https:\/\/www.hssaatio.fi\/en\/wp-json\/wp\/v2\/pages\/1362\/revisions"}],"predecessor-version":[{"id":1809,"href":"https:\/\/www.hssaatio.fi\/en\/wp-json\/wp\/v2\/pages\/1362\/revisions\/1809"}],"wp:attachment":[{"href":"https:\/\/www.hssaatio.fi\/en\/wp-json\/wp\/v2\/media?parent=1362"}],"curies":[{"name":"wp","href":"https:\/\/api.w.org\/{rel}","templated":true}]}}