{"id":1020,"date":"2013-10-09T18:28:19","date_gmt":"2013-10-09T15:28:19","guid":{"rendered":"https:\/\/www.hssaatio.fi\/?page_id=1020"},"modified":"2017-02-02T14:47:09","modified_gmt":"2017-02-02T12:47:09","slug":"the-paivalehti-archives","status":"publish","type":"page","link":"https:\/\/www.hssaatio.fi\/en\/the-paivalehti-archives\/","title":{"rendered":"The P\u00e4iv\u00e4lehti Archives"},"content":{"rendered":"<div class=\"wpb-content-wrapper\"><p>[vc_row][vc_column][\/vc_column][\/vc_row][vc_row][vc_column width=&#8221;1\/4&#8243;][\/vc_column][vc_column width=&#8221;1\/2&#8243;][vc_column_text]<\/p>\n<p style=\"text-align: center;\"><em>The P\u00e4iv\u00e4lehti Archives is maintained by the Helsingin Sanomat Foundation. The archives collect and preserve documents and newspaper materials related to the activities of the media group Sanoma.<\/em><\/p>\n<p style=\"text-align: center;\"><a href=\"http:\/\/www.paivalehdenarkisto.fi\/in-english\/\" target=\"_blank\">www.paivalehdenarkisto.fi<\/a><\/p>\n<p>[\/vc_column_text][\/vc_column][vc_column width=&#8221;1\/4&#8243;][\/vc_column][\/vc_row][vc_row][vc_column]<div data-id=\"mpc_divider-9369e5bc9843209\" class=\"mpc-divider-wrap\"><div class=\"mpc-divider mpc-init mpc-align--center \" ><div class=\"mpc-divider__line mpc-side--left\"><span><\/span><\/div><div class=\"mpc-divider__separator\"><div class=\"mpc-divider__content mpc-typography--mpc_preset_1\">Open business archives<\/div><\/div><div class=\"mpc-divider__line mpc-side--right\"><span><\/span><\/div><\/div><\/div>[\/vc_column][\/vc_row][vc_row gap=&#8221;35&#8243;][vc_column width=&#8221;1\/2&#8243;][vc_column_text]<a href=\"https:\/\/www.hssaatio.fi\/wp-content\/uploads\/2013\/10\/Tutkijasali_01.jpg\"><img decoding=\"async\" class=\"aligncenter size-medium wp-image-5534 lazyload\" data-src=\"https:\/\/www.hssaatio.fi\/wp-content\/uploads\/2013\/10\/Tutkijasali_01-600x461.jpg\" alt=\"\" width=\"600\" height=\"461\" data-srcset=\"https:\/\/www.hssaatio.fi\/wp-content\/uploads\/2013\/10\/Tutkijasali_01-600x461.jpg 600w, https:\/\/www.hssaatio.fi\/wp-content\/uploads\/2013\/10\/Tutkijasali_01-768x591.jpg 768w, https:\/\/www.hssaatio.fi\/wp-content\/uploads\/2013\/10\/Tutkijasali_01-1024x787.jpg 1024w, https:\/\/www.hssaatio.fi\/wp-content\/uploads\/2013\/10\/Tutkijasali_01.jpg 1560w\" data-sizes=\"auto\" src=\"data:image\/svg+xml;base64,PHN2ZyB3aWR0aD0iMSIgaGVpZ2h0PSIxIiB4bWxucz0iaHR0cDovL3d3dy53My5vcmcvMjAwMC9zdmciPjwvc3ZnPg==\" style=\"--smush-placeholder-width: 600px; --smush-placeholder-aspect-ratio: 600\/461;\" data-original-sizes=\"(max-width: 600px) 100vw, 600px\" \/><\/a>[\/vc_column_text][\/vc_column][vc_column width=&#8221;1\/2&#8243;][vc_column_text]<\/p>\n<h2>Material<\/h2>\n<p>The most significant collections are the yearly volumes of the newspapers Helsingin Sanomat and Ilta-Sanomat, as well as the magazines published by the Sanoma Group. The Erkko family\u00a0records have also been deposited in the P\u00e4iv\u00e4lehti Archives.<\/p>\n<p>The digitized material is accessible to visitors at the researcher workstation.[\/vc_column_text][\/vc_column][\/vc_row]<\/p>\n<\/div>","protected":false},"excerpt":{"rendered":"<p>[vc_row][vc_column][\/vc_column][\/vc_row][vc_row][vc_column width=&#8221;1\/4&#8243;][\/vc_column][vc_column width=&#8221;1\/2&#8243;][vc_column_text] The P\u00e4iv\u00e4lehti Archives is maintained by the Helsingin Sanomat Foundation. The archives collect and preserve documents and<\/p>\n","protected":false},"author":1,"featured_media":0,"parent":0,"menu_order":0,"comment_status":"closed","ping_status":"closed","template":"","meta":{"_uag_custom_page_level_css":"","site-sidebar-layout":"no-sidebar","site-content-layout":"plain-container","ast-site-content-layout":"default","site-content-style":"default","site-sidebar-style":"default","ast-global-header-display":"","ast-banner-title-visibility":"","ast-main-header-display":"","ast-hfb-above-header-display":"","ast-hfb-below-header-display":"","ast-hfb-mobile-header-display":"","site-post-title":"disabled","ast-breadcrumbs-content":"","ast-featured-img":"disabled","footer-sml-layout":"","ast-disable-related-posts":"","theme-transparent-header-meta":"","adv-header-id-meta":"","stick-header-meta":"","header-above-stick-meta":"","header-main-stick-meta":"","header-below-stick-meta":"","astra-migrate-meta-layouts":"default","ast-page-background-enabled":"default","ast-page-background-meta":{"desktop":{"background-color":"var(--ast-global-color-5)","background-image":"","background-repeat":"repeat","background-position":"center center","background-size":"auto","background-attachment":"scroll","background-type":"","background-media":"","overlay-type":"","overlay-color":"","overlay-opacity":"","overlay-gradient":""},"tablet":{"background-color":"","background-image":"","background-repeat":"repeat","background-position":"center center","background-size":"auto","background-attachment":"scroll","background-type":"","background-media":"","overlay-type":"","overlay-color":"","overlay-opacity":"","overlay-gradient":""},"mobile":{"background-color":"","background-image":"","background-repeat":"repeat","background-position":"center center","background-size":"auto","background-attachment":"scroll","background-type":"","background-media":"","overlay-type":"","overlay-color":"","overlay-opacity":"","overlay-gradient":""}},"ast-content-background-meta":{"desktop":{"background-color":"var(--ast-global-color-4)","background-image":"","background-repeat":"repeat","background-position":"center center","background-size":"auto","background-attachment":"scroll","background-type":"","background-media":"","overlay-type":"","overlay-color":"","overlay-opacity":"","overlay-gradient":""},"tablet":{"background-color":"var(--ast-global-color-4)","background-image":"","background-repeat":"repeat","background-position":"center center","background-size":"auto","background-attachment":"scroll","background-type":"","background-media":"","overlay-type":"","overlay-color":"","overlay-opacity":"","overlay-gradient":""},"mobile":{"background-color":"var(--ast-global-color-4)","background-image":"","background-repeat":"repeat","background-position":"center center","background-size":"auto","background-attachment":"scroll","background-type":"","background-media":"","overlay-type":"","overlay-color":"","overlay-opacity":"","overlay-gradient":""}},"footnotes":""},"class_list":["post-1020","page","type-page","status-publish","hentry"],"yoast_head":"<!-- This site is optimized with the Yoast SEO plugin v27.4 - https:\/\/yoast.com\/product\/yoast-seo-wordpress\/ -->\n<title>The P\u00e4iv\u00e4lehti Archives - Helsingin Sanomain S\u00e4\u00e4ti\u00f6<\/title>\n<meta name=\"robots\" content=\"index, follow, max-snippet:-1, max-image-preview:large, max-video-preview:-1\" \/>\n<link rel=\"canonical\" href=\"https:\/\/www.hssaatio.fi\/en\/the-paivalehti-archives\/\" \/>\n<meta property=\"og:locale\" content=\"en_US\" \/>\n<meta property=\"og:type\" content=\"article\" \/>\n<meta property=\"og:title\" content=\"The P\u00e4iv\u00e4lehti Archives - Helsingin Sanomain S\u00e4\u00e4ti\u00f6\" \/>\n<meta property=\"og:description\" content=\"[vc_row][vc_column][\/vc_column][\/vc_row][vc_row][vc_column width=&#8221;1\/4&#8243;][\/vc_column][vc_column width=&#8221;1\/2&#8243;][vc_column_text] The P\u00e4iv\u00e4lehti Archives is maintained by the Helsingin Sanomat Foundation. The archives collect and preserve documents and\" \/>\n<meta property=\"og:url\" content=\"https:\/\/www.hssaatio.fi\/en\/the-paivalehti-archives\/\" \/>\n<meta property=\"og:site_name\" content=\"Helsingin Sanomain S\u00e4\u00e4ti\u00f6\" \/>\n<meta property=\"article:modified_time\" content=\"2017-02-02T12:47:09+00:00\" \/>\n<meta property=\"og:image\" content=\"https:\/\/www.hssaatio.fi\/wp-content\/uploads\/2013\/10\/Tutkijasali_01-600x461.jpg\" \/>\n<meta name=\"twitter:card\" content=\"summary_large_image\" \/>\n<meta name=\"twitter:label1\" content=\"Est. reading time\" \/>\n\t<meta name=\"twitter:data1\" content=\"1 minute\" \/>\n<script type=\"application\/ld+json\" class=\"yoast-schema-graph\">{\"@context\":\"https:\\\/\\\/schema.org\",\"@graph\":[{\"@type\":\"WebPage\",\"@id\":\"https:\\\/\\\/www.hssaatio.fi\\\/en\\\/the-paivalehti-archives\\\/\",\"url\":\"https:\\\/\\\/www.hssaatio.fi\\\/en\\\/the-paivalehti-archives\\\/\",\"name\":\"The P\u00e4iv\u00e4lehti Archives - Helsingin Sanomain S\u00e4\u00e4ti\u00f6\",\"isPartOf\":{\"@id\":\"https:\\\/\\\/www.hssaatio.fi\\\/#website\"},\"primaryImageOfPage\":{\"@id\":\"https:\\\/\\\/www.hssaatio.fi\\\/en\\\/the-paivalehti-archives\\\/#primaryimage\"},\"image\":{\"@id\":\"https:\\\/\\\/www.hssaatio.fi\\\/en\\\/the-paivalehti-archives\\\/#primaryimage\"},\"thumbnailUrl\":\"https:\\\/\\\/www.hssaatio.fi\\\/wp-content\\\/uploads\\\/2013\\\/10\\\/Tutkijasali_01-600x461.jpg\",\"datePublished\":\"2013-10-09T15:28:19+00:00\",\"dateModified\":\"2017-02-02T12:47:09+00:00\",\"inLanguage\":\"en-US\",\"potentialAction\":[{\"@type\":\"ReadAction\",\"target\":[\"https:\\\/\\\/www.hssaatio.fi\\\/en\\\/the-paivalehti-archives\\\/\"]}]},{\"@type\":\"ImageObject\",\"inLanguage\":\"en-US\",\"@id\":\"https:\\\/\\\/www.hssaatio.fi\\\/en\\\/the-paivalehti-archives\\\/#primaryimage\",\"url\":\"https:\\\/\\\/www.hssaatio.fi\\\/wp-content\\\/uploads\\\/2013\\\/10\\\/Tutkijasali_01-600x461.jpg\",\"contentUrl\":\"https:\\\/\\\/www.hssaatio.fi\\\/wp-content\\\/uploads\\\/2013\\\/10\\\/Tutkijasali_01-600x461.jpg\"},{\"@type\":\"WebSite\",\"@id\":\"https:\\\/\\\/www.hssaatio.fi\\\/#website\",\"url\":\"https:\\\/\\\/www.hssaatio.fi\\\/\",\"name\":\"Helsingin Sanomain S\u00e4\u00e4ti\u00f6\",\"description\":\"Postiosoite PL 35 00089 Sanoma\",\"publisher\":{\"@id\":\"https:\\\/\\\/www.hssaatio.fi\\\/#organization\"},\"potentialAction\":[{\"@type\":\"SearchAction\",\"target\":{\"@type\":\"EntryPoint\",\"urlTemplate\":\"https:\\\/\\\/www.hssaatio.fi\\\/?s={search_term_string}\"},\"query-input\":{\"@type\":\"PropertyValueSpecification\",\"valueRequired\":true,\"valueName\":\"search_term_string\"}}],\"inLanguage\":\"en-US\"},{\"@type\":\"Organization\",\"@id\":\"https:\\\/\\\/www.hssaatio.fi\\\/#organization\",\"name\":\"Helsingin Sanomain S\u00e4\u00e4ti\u00f6\",\"url\":\"https:\\\/\\\/www.hssaatio.fi\\\/\",\"logo\":{\"@type\":\"ImageObject\",\"inLanguage\":\"en-US\",\"@id\":\"https:\\\/\\\/www.hssaatio.fi\\\/#\\\/schema\\\/logo\\\/image\\\/\",\"url\":\"https:\\\/\\\/www.hssaatio.fi\\\/wp-content\\\/uploads\\\/2017\\\/01\\\/cropped-hss-logo-white2x.png\",\"contentUrl\":\"https:\\\/\\\/www.hssaatio.fi\\\/wp-content\\\/uploads\\\/2017\\\/01\\\/cropped-hss-logo-white2x.png\",\"width\":270,\"height\":123,\"caption\":\"Helsingin Sanomain S\u00e4\u00e4ti\u00f6\"},\"image\":{\"@id\":\"https:\\\/\\\/www.hssaatio.fi\\\/#\\\/schema\\\/logo\\\/image\\\/\"}}]}<\/script>\n<!-- \/ Yoast SEO plugin. -->","yoast_head_json":{"title":"The P\u00e4iv\u00e4lehti Archives - Helsingin Sanomain S\u00e4\u00e4ti\u00f6","robots":{"index":"index","follow":"follow","max-snippet":"max-snippet:-1","max-image-preview":"max-image-preview:large","max-video-preview":"max-video-preview:-1"},"canonical":"https:\/\/www.hssaatio.fi\/en\/the-paivalehti-archives\/","og_locale":"en_US","og_type":"article","og_title":"The P\u00e4iv\u00e4lehti Archives - Helsingin Sanomain S\u00e4\u00e4ti\u00f6","og_description":"[vc_row][vc_column][\/vc_column][\/vc_row][vc_row][vc_column width=&#8221;1\/4&#8243;][\/vc_column][vc_column width=&#8221;1\/2&#8243;][vc_column_text] The P\u00e4iv\u00e4lehti Archives is maintained by the Helsingin Sanomat Foundation. The archives collect and preserve documents and","og_url":"https:\/\/www.hssaatio.fi\/en\/the-paivalehti-archives\/","og_site_name":"Helsingin Sanomain S\u00e4\u00e4ti\u00f6","article_modified_time":"2017-02-02T12:47:09+00:00","og_image":[{"url":"https:\/\/www.hssaatio.fi\/wp-content\/uploads\/2013\/10\/Tutkijasali_01-600x461.jpg","type":"","width":"","height":""}],"twitter_card":"summary_large_image","twitter_misc":{"Est. reading time":"1 minute"},"schema":{"@context":"https:\/\/schema.org","@graph":[{"@type":"WebPage","@id":"https:\/\/www.hssaatio.fi\/en\/the-paivalehti-archives\/","url":"https:\/\/www.hssaatio.fi\/en\/the-paivalehti-archives\/","name":"The P\u00e4iv\u00e4lehti Archives - Helsingin Sanomain S\u00e4\u00e4ti\u00f6","isPartOf":{"@id":"https:\/\/www.hssaatio.fi\/#website"},"primaryImageOfPage":{"@id":"https:\/\/www.hssaatio.fi\/en\/the-paivalehti-archives\/#primaryimage"},"image":{"@id":"https:\/\/www.hssaatio.fi\/en\/the-paivalehti-archives\/#primaryimage"},"thumbnailUrl":"https:\/\/www.hssaatio.fi\/wp-content\/uploads\/2013\/10\/Tutkijasali_01-600x461.jpg","datePublished":"2013-10-09T15:28:19+00:00","dateModified":"2017-02-02T12:47:09+00:00","inLanguage":"en-US","potentialAction":[{"@type":"ReadAction","target":["https:\/\/www.hssaatio.fi\/en\/the-paivalehti-archives\/"]}]},{"@type":"ImageObject","inLanguage":"en-US","@id":"https:\/\/www.hssaatio.fi\/en\/the-paivalehti-archives\/#primaryimage","url":"https:\/\/www.hssaatio.fi\/wp-content\/uploads\/2013\/10\/Tutkijasali_01-600x461.jpg","contentUrl":"https:\/\/www.hssaatio.fi\/wp-content\/uploads\/2013\/10\/Tutkijasali_01-600x461.jpg"},{"@type":"WebSite","@id":"https:\/\/www.hssaatio.fi\/#website","url":"https:\/\/www.hssaatio.fi\/","name":"Helsingin Sanomain S\u00e4\u00e4ti\u00f6","description":"Postiosoite PL 35 00089 Sanoma","publisher":{"@id":"https:\/\/www.hssaatio.fi\/#organization"},"potentialAction":[{"@type":"SearchAction","target":{"@type":"EntryPoint","urlTemplate":"https:\/\/www.hssaatio.fi\/?s={search_term_string}"},"query-input":{"@type":"PropertyValueSpecification","valueRequired":true,"valueName":"search_term_string"}}],"inLanguage":"en-US"},{"@type":"Organization","@id":"https:\/\/www.hssaatio.fi\/#organization","name":"Helsingin Sanomain S\u00e4\u00e4ti\u00f6","url":"https:\/\/www.hssaatio.fi\/","logo":{"@type":"ImageObject","inLanguage":"en-US","@id":"https:\/\/www.hssaatio.fi\/#\/schema\/logo\/image\/","url":"https:\/\/www.hssaatio.fi\/wp-content\/uploads\/2017\/01\/cropped-hss-logo-white2x.png","contentUrl":"https:\/\/www.hssaatio.fi\/wp-content\/uploads\/2017\/01\/cropped-hss-logo-white2x.png","width":270,"height":123,"caption":"Helsingin Sanomain S\u00e4\u00e4ti\u00f6"},"image":{"@id":"https:\/\/www.hssaatio.fi\/#\/schema\/logo\/image\/"}}]}},"uagb_featured_image_src":{"full":false,"thumbnail":false,"medium":false,"medium_large":false,"large":false,"1536x1536":false,"2048x2048":false},"uagb_author_info":{"display_name":"hssaatio","author_link":"https:\/\/www.hssaatio.fi\/en\/author\/hssaatio\/"},"uagb_comment_info":0,"uagb_excerpt":"[vc_row][vc_column][\/vc_column][\/vc_row][vc_row][vc_column width=&#8221;1\/4&#8243;][\/vc_column][vc_column width=&#8221;1\/2&#8243;][vc_column_text] The P\u00e4iv\u00e4lehti Archives is maintained by the Helsingin Sanomat Foundation. The archives collect and preserve documents and","_links":{"self":[{"href":"https:\/\/www.hssaatio.fi\/en\/wp-json\/wp\/v2\/pages\/1020","targetHints":{"allow":["GET"]}}],"collection":[{"href":"https:\/\/www.hssaatio.fi\/en\/wp-json\/wp\/v2\/pages"}],"about":[{"href":"https:\/\/www.hssaatio.fi\/en\/wp-json\/wp\/v2\/types\/page"}],"author":[{"embeddable":true,"href":"https:\/\/www.hssaatio.fi\/en\/wp-json\/wp\/v2\/users\/1"}],"replies":[{"embeddable":true,"href":"https:\/\/www.hssaatio.fi\/en\/wp-json\/wp\/v2\/comments?post=1020"}],"version-history":[{"count":9,"href":"https:\/\/www.hssaatio.fi\/en\/wp-json\/wp\/v2\/pages\/1020\/revisions"}],"predecessor-version":[{"id":5536,"href":"https:\/\/www.hssaatio.fi\/en\/wp-json\/wp\/v2\/pages\/1020\/revisions\/5536"}],"wp:attachment":[{"href":"https:\/\/www.hssaatio.fi\/en\/wp-json\/wp\/v2\/media?parent=1020"}],"curies":[{"name":"wp","href":"https:\/\/api.w.org\/{rel}","templated":true}]}}