{"id":1003,"date":"2010-01-29T20:59:06","date_gmt":"2010-01-29T18:59:06","guid":{"rendered":"https:\/\/www.hssaatio.fi\/?page_id=1003"},"modified":"2025-08-08T15:36:31","modified_gmt":"2025-08-08T12:36:31","slug":"contacts","status":"publish","type":"page","link":"https:\/\/www.hssaatio.fi\/en\/contacts\/","title":{"rendered":"Contacts"},"content":{"rendered":"<div class=\"wpb-content-wrapper\"><p>[vc_row][vc_column width=&#8221;1\/6&#8243;][\/vc_column][vc_column width=&#8221;2\/3&#8243;][vc_gmaps link=&#8221;#E-8_JTNDaWZyYW1lJTIwc3JjJTNEJTIyaHR0cHMlM0ElMkYlMkZ3d3cuZ29vZ2xlLmNvbSUyRm1hcHMlMkZlbWJlZCUzRnBiJTNEJTIxMW0xOCUyMTFtMTIlMjExbTMlMjExZDE5ODQuOTE0MjI3OTg3NDQ5MyUyMTJkMjQuOTQzNTI5OTUyMTM3NTI0JTIxM2Q2MC4xNjU1OTg3ODE4NzA3NCUyMTJtMyUyMTFmMCUyMTJmMCUyMTNmMCUyMTNtMiUyMTFpMTAyNCUyMTJpNzY4JTIxNGYxMy4xJTIxM20zJTIxMW0yJTIxMXMweDQ2OTIwYmM5M2VhN2E4YzUlMjUzQTB4NTZlZTgyODRjMjVkNjM5JTIxMnNLb3JrZWF2dW9yZW5rYXR1JTJCMjglMjUyQyUyQjAwMTAxJTJCSGVsc2lua2klMjE1ZTAlMjEzbTIlMjExc2ZpJTIxMnNmaSUyMTR2MTQ0OTQ5OTQ3NTU5OSUyMiUyMHdpZHRoJTNEJTIyNjAwJTIyJTIwaGVpZ2h0JTNEJTIyNDUwJTIyJTIwZnJhbWVib3JkZXIlM0QlMjIwJTIyJTIwc3R5bGUlM0QlMjJib3JkZXIlM0EwJTIyJTIwYWxsb3dmdWxsc2NyZWVuJTNFJTNDJTJGaWZyYW1lJTNF&#8221; size=&#8221;&#8221;][vc_row_inner][vc_column_inner width=&#8221;1\/2&#8243;][vc_column_text]<strong>Postal address:<\/strong><br \/>\nHelsingin Sanomat Foundation<br \/>\nKorkeavuorenkatu 28<br \/>\n00130 Helsinki<br \/>\nFinland<strong><br \/>\n<\/strong>[\/vc_column_text][\/vc_column_inner][vc_column_inner width=&#8221;1\/2&#8243;][vc_column_text]<strong>Visiting address:<\/strong><br \/>\nKorkeavuorenkatu 28<br \/>\n00130 Helsinki<\/p>\n<p>[\/vc_column_text][\/vc_column_inner][\/vc_row_inner][\/vc_column][vc_column width=&#8221;1\/6&#8243;][\/vc_column][\/vc_row][vc_row][vc_column]<div data-id=\"mpc_divider-869e5e77ca0fd6\" class=\"mpc-divider-wrap\"><div class=\"mpc-divider mpc-init mpc-align--center \" ><div class=\"mpc-divider__line mpc-side--left\"><span><\/span><\/div><div class=\"mpc-divider__separator\"><div class=\"mpc-divider__content mpc-typography--mpc_preset_1\">Personnel<\/div><\/div><div class=\"mpc-divider__line mpc-side--right\"><span><\/span><\/div><\/div><\/div>[\/vc_column][\/vc_row][vc_row][vc_column width=&#8221;1\/6&#8243;][\/vc_column][vc_column width=&#8221;2\/3&#8243;][vc_row_inner][vc_column_inner width=&#8221;1\/2&#8243;][vc_column_text css=&#8221;&#8221;]<img decoding=\"async\" class=\"alignnone wp-image-18411 size-full lazyload\" data-src=\"https:\/\/www.hssaatio.fi\/wp-content\/uploads\/2025\/05\/Saarikoski_Laura_03-e1754656519625.jpeg\" alt=\"\" width=\"300\" height=\"200\" src=\"data:image\/svg+xml;base64,PHN2ZyB3aWR0aD0iMSIgaGVpZ2h0PSIxIiB4bWxucz0iaHR0cDovL3d3dy53My5vcmcvMjAwMC9zdmciPjwvc3ZnPg==\" style=\"--smush-placeholder-width: 300px; --smush-placeholder-aspect-ratio: 300\/200;\" \/>[\/vc_column_text][vc_column_text css=&#8221;&#8221;]<strong>President<\/strong><br \/>\nLaura Saarikoski<br \/>\nTel. +35840 5264246<br \/>\nlaura.saarikoski@hssaatio.fi[\/vc_column_text][\/vc_column_inner][vc_column_inner width=&#8221;1\/2&#8243;][vc_column_text]<img decoding=\"async\" class=\"alignnone size-full wp-image-13808 lazyload\" data-src=\"https:\/\/www.hssaatio.fi\/wp-content\/uploads\/2021\/10\/Linnahalme_Saila.jpg\" alt=\"\" width=\"298\" height=\"199\" src=\"data:image\/svg+xml;base64,PHN2ZyB3aWR0aD0iMSIgaGVpZ2h0PSIxIiB4bWxucz0iaHR0cDovL3d3dy53My5vcmcvMjAwMC9zdmciPjwvc3ZnPg==\" style=\"--smush-placeholder-width: 298px; --smush-placeholder-aspect-ratio: 298\/199;\" \/>[\/vc_column_text][vc_column_text]<strong>Vice President,<br \/>\nDirector, Media Museum and Archives Merkki<\/strong><br \/>\nSaila Linnahalme<br \/>\nTel. +358400 897 213<br \/>\nsaila.linnahalme@hssaatio.fi[\/vc_column_text][\/vc_column_inner][\/vc_row_inner][vc_row_inner][vc_column_inner width=&#8221;1\/2&#8243;][vc_column_text]<img decoding=\"async\" class=\"alignnone size-full wp-image-13810 lazyload\" data-src=\"https:\/\/www.hssaatio.fi\/wp-content\/uploads\/2021\/10\/Kolari_Kirsi.jpg\" alt=\"\" width=\"300\" height=\"200\" src=\"data:image\/svg+xml;base64,PHN2ZyB3aWR0aD0iMSIgaGVpZ2h0PSIxIiB4bWxucz0iaHR0cDovL3d3dy53My5vcmcvMjAwMC9zdmciPjwvc3ZnPg==\" style=\"--smush-placeholder-width: 300px; --smush-placeholder-aspect-ratio: 300\/200;\" \/>[\/vc_column_text][vc_column_text]<strong>Administrative Coordinator<\/strong><br \/>\nKirsi Kolari<br \/>\nTel. +35840 141 6306<br \/>\nkirsi.kolari@hssaatio.fi<\/p>\n<p>&nbsp;<\/p>\n<p>[\/vc_column_text][\/vc_column_inner][vc_column_inner width=&#8221;1\/2&#8243;][\/vc_column_inner][\/vc_row_inner][\/vc_column][vc_column width=&#8221;1\/6&#8243;][\/vc_column][\/vc_row]<\/p>\n<\/div>","protected":false},"excerpt":{"rendered":"<p>[vc_row][vc_column width=&#8221;1\/6&#8243;][\/vc_column][vc_column width=&#8221;2\/3&#8243;][vc_gmaps link=&#8221;#E-8_JTNDaWZyYW1lJTIwc3JjJTNEJTIyaHR0cHMlM0ElMkYlMkZ3d3cuZ29vZ2xlLmNvbSUyRm1hcHMlMkZlbWJlZCUzRnBiJTNEJTIxMW0xOCUyMTFtMTIlMjExbTMlMjExZDE5ODQuOTE0MjI3OTg3NDQ5MyUyMTJkMjQuOTQzNTI5OTUyMTM3NTI0JTIxM2Q2MC4xNjU1OTg3ODE4NzA3NCUyMTJtMyUyMTFmMCUyMTJmMCUyMTNmMCUyMTNtMiUyMTFpMTAyNCUyMTJpNzY4JTIxNGYxMy4xJTIxM20zJTIxMW0yJTIxMXMweDQ2OTIwYmM5M2VhN2E4YzUlMjUzQTB4NTZlZTgyODRjMjVkNjM5JTIxMnNLb3JrZWF2dW9yZW5rYXR1JTJCMjglMjUyQyUyQjAwMTAxJTJCSGVsc2lua2klMjE1ZTAlMjEzbTIlMjExc2ZpJTIxMnNmaSUyMTR2MTQ0OTQ5OTQ3NTU5OSUyMiUyMHdpZHRoJTNEJTIyNjAwJTIyJTIwaGVpZ2h0JTNEJTIyNDUwJTIyJTIwZnJhbWVib3JkZXIlM0QlMjIwJTIyJTIwc3R5bGUlM0QlMjJib3JkZXIlM0EwJTIyJTIwYWxsb3dmdWxsc2NyZWVuJTNFJTNDJTJGaWZyYW1lJTNF&#8221; size=&#8221;&#8221;][vc_row_inner][vc_column_inner width=&#8221;1\/2&#8243;][vc_column_text]Postal address: Helsingin Sanomat Foundation Korkeavuorenkatu 28 00130 Helsinki Finland [\/vc_column_text][\/vc_column_inner][vc_column_inner width=&#8221;1\/2&#8243;][vc_column_text]Visiting address: Korkeavuorenkatu 28<\/p>\n","protected":false},"author":1,"featured_media":0,"parent":0,"menu_order":1,"comment_status":"closed","ping_status":"closed","template":"","meta":{"_uag_custom_page_level_css":"","site-sidebar-layout":"no-sidebar","site-content-layout":"plain-container","ast-site-content-layout":"default","site-content-style":"default","site-sidebar-style":"default","ast-global-header-display":"","ast-banner-title-visibility":"","ast-main-header-display":"","ast-hfb-above-header-display":"","ast-hfb-below-header-display":"","ast-hfb-mobile-header-display":"","site-post-title":"disabled","ast-breadcrumbs-content":"","ast-featured-img":"disabled","footer-sml-layout":"","ast-disable-related-posts":"","theme-transparent-header-meta":"","adv-header-id-meta":"","stick-header-meta":"","header-above-stick-meta":"","header-main-stick-meta":"","header-below-stick-meta":"","astra-migrate-meta-layouts":"default","ast-page-background-enabled":"default","ast-page-background-meta":{"desktop":{"background-color":"var(--ast-global-color-5)","background-image":"","background-repeat":"repeat","background-position":"center center","background-size":"auto","background-attachment":"scroll","background-type":"","background-media":"","overlay-type":"","overlay-color":"","overlay-opacity":"","overlay-gradient":""},"tablet":{"background-color":"","background-image":"","background-repeat":"repeat","background-position":"center center","background-size":"auto","background-attachment":"scroll","background-type":"","background-media":"","overlay-type":"","overlay-color":"","overlay-opacity":"","overlay-gradient":""},"mobile":{"background-color":"","background-image":"","background-repeat":"repeat","background-position":"center center","background-size":"auto","background-attachment":"scroll","background-type":"","background-media":"","overlay-type":"","overlay-color":"","overlay-opacity":"","overlay-gradient":""}},"ast-content-background-meta":{"desktop":{"background-color":"var(--ast-global-color-4)","background-image":"","background-repeat":"repeat","background-position":"center center","background-size":"auto","background-attachment":"scroll","background-type":"","background-media":"","overlay-type":"","overlay-color":"","overlay-opacity":"","overlay-gradient":""},"tablet":{"background-color":"var(--ast-global-color-4)","background-image":"","background-repeat":"repeat","background-position":"center center","background-size":"auto","background-attachment":"scroll","background-type":"","background-media":"","overlay-type":"","overlay-color":"","overlay-opacity":"","overlay-gradient":""},"mobile":{"background-color":"var(--ast-global-color-4)","background-image":"","background-repeat":"repeat","background-position":"center center","background-size":"auto","background-attachment":"scroll","background-type":"","background-media":"","overlay-type":"","overlay-color":"","overlay-opacity":"","overlay-gradient":""}},"footnotes":""},"class_list":["post-1003","page","type-page","status-publish","hentry"],"yoast_head":"<!-- This site is optimized with the Yoast SEO plugin v27.4 - https:\/\/yoast.com\/product\/yoast-seo-wordpress\/ -->\n<title>Contacts - Helsingin Sanomain S\u00e4\u00e4ti\u00f6<\/title>\n<meta name=\"robots\" content=\"index, follow, max-snippet:-1, max-image-preview:large, max-video-preview:-1\" \/>\n<link rel=\"canonical\" href=\"https:\/\/www.hssaatio.fi\/en\/contacts\/\" \/>\n<meta property=\"og:locale\" content=\"en_US\" \/>\n<meta property=\"og:type\" content=\"article\" \/>\n<meta property=\"og:title\" content=\"Contacts - Helsingin Sanomain S\u00e4\u00e4ti\u00f6\" \/>\n<meta property=\"og:description\" content=\"[vc_row][vc_column width=&#8221;1\/6&#8243;][\/vc_column][vc_column width=&#8221;2\/3&#8243;][vc_gmaps link=&#8221;#E-8_JTNDaWZyYW1lJTIwc3JjJTNEJTIyaHR0cHMlM0ElMkYlMkZ3d3cuZ29vZ2xlLmNvbSUyRm1hcHMlMkZlbWJlZCUzRnBiJTNEJTIxMW0xOCUyMTFtMTIlMjExbTMlMjExZDE5ODQuOTE0MjI3OTg3NDQ5MyUyMTJkMjQuOTQzNTI5OTUyMTM3NTI0JTIxM2Q2MC4xNjU1OTg3ODE4NzA3NCUyMTJtMyUyMTFmMCUyMTJmMCUyMTNmMCUyMTNtMiUyMTFpMTAyNCUyMTJpNzY4JTIxNGYxMy4xJTIxM20zJTIxMW0yJTIxMXMweDQ2OTIwYmM5M2VhN2E4YzUlMjUzQTB4NTZlZTgyODRjMjVkNjM5JTIxMnNLb3JrZWF2dW9yZW5rYXR1JTJCMjglMjUyQyUyQjAwMTAxJTJCSGVsc2lua2klMjE1ZTAlMjEzbTIlMjExc2ZpJTIxMnNmaSUyMTR2MTQ0OTQ5OTQ3NTU5OSUyMiUyMHdpZHRoJTNEJTIyNjAwJTIyJTIwaGVpZ2h0JTNEJTIyNDUwJTIyJTIwZnJhbWVib3JkZXIlM0QlMjIwJTIyJTIwc3R5bGUlM0QlMjJib3JkZXIlM0EwJTIyJTIwYWxsb3dmdWxsc2NyZWVuJTNFJTNDJTJGaWZyYW1lJTNF&#8221; size=&#8221;&#8221;][vc_row_inner][vc_column_inner width=&#8221;1\/2&#8243;][vc_column_text]Postal address: Helsingin Sanomat Foundation Korkeavuorenkatu 28 00130 Helsinki Finland [\/vc_column_text][\/vc_column_inner][vc_column_inner width=&#8221;1\/2&#8243;][vc_column_text]Visiting address: Korkeavuorenkatu 28\" \/>\n<meta property=\"og:url\" content=\"https:\/\/www.hssaatio.fi\/en\/contacts\/\" \/>\n<meta property=\"og:site_name\" content=\"Helsingin Sanomain S\u00e4\u00e4ti\u00f6\" \/>\n<meta property=\"article:modified_time\" content=\"2025-08-08T12:36:31+00:00\" \/>\n<meta property=\"og:image\" content=\"https:\/\/www.hssaatio.fi\/wp-content\/uploads\/2025\/05\/Saarikoski_Laura_03-e1754656519625.jpeg\" \/>\n\t<meta property=\"og:image:width\" content=\"300\" \/>\n\t<meta property=\"og:image:height\" content=\"200\" \/>\n\t<meta property=\"og:image:type\" content=\"image\/jpeg\" \/>\n<meta name=\"twitter:card\" content=\"summary_large_image\" \/>\n<meta name=\"twitter:label1\" content=\"Est. reading time\" \/>\n\t<meta name=\"twitter:data1\" content=\"2 minutes\" \/>\n<script type=\"application\/ld+json\" class=\"yoast-schema-graph\">{\"@context\":\"https:\\\/\\\/schema.org\",\"@graph\":[{\"@type\":\"WebPage\",\"@id\":\"https:\\\/\\\/www.hssaatio.fi\\\/en\\\/contacts\\\/\",\"url\":\"https:\\\/\\\/www.hssaatio.fi\\\/en\\\/contacts\\\/\",\"name\":\"Contacts - Helsingin Sanomain S\u00e4\u00e4ti\u00f6\",\"isPartOf\":{\"@id\":\"https:\\\/\\\/www.hssaatio.fi\\\/#website\"},\"primaryImageOfPage\":{\"@id\":\"https:\\\/\\\/www.hssaatio.fi\\\/en\\\/contacts\\\/#primaryimage\"},\"image\":{\"@id\":\"https:\\\/\\\/www.hssaatio.fi\\\/en\\\/contacts\\\/#primaryimage\"},\"thumbnailUrl\":\"https:\\\/\\\/www.hssaatio.fi\\\/wp-content\\\/uploads\\\/2025\\\/05\\\/Saarikoski_Laura_03-e1754656519625.jpeg\",\"datePublished\":\"2010-01-29T18:59:06+00:00\",\"dateModified\":\"2025-08-08T12:36:31+00:00\",\"inLanguage\":\"en-US\",\"potentialAction\":[{\"@type\":\"ReadAction\",\"target\":[\"https:\\\/\\\/www.hssaatio.fi\\\/en\\\/contacts\\\/\"]}]},{\"@type\":\"ImageObject\",\"inLanguage\":\"en-US\",\"@id\":\"https:\\\/\\\/www.hssaatio.fi\\\/en\\\/contacts\\\/#primaryimage\",\"url\":\"https:\\\/\\\/www.hssaatio.fi\\\/wp-content\\\/uploads\\\/2025\\\/05\\\/Saarikoski_Laura_03-e1754656519625.jpeg\",\"contentUrl\":\"https:\\\/\\\/www.hssaatio.fi\\\/wp-content\\\/uploads\\\/2025\\\/05\\\/Saarikoski_Laura_03-e1754656519625.jpeg\"},{\"@type\":\"WebSite\",\"@id\":\"https:\\\/\\\/www.hssaatio.fi\\\/#website\",\"url\":\"https:\\\/\\\/www.hssaatio.fi\\\/\",\"name\":\"Helsingin Sanomain S\u00e4\u00e4ti\u00f6\",\"description\":\"Postiosoite PL 35 00089 Sanoma\",\"publisher\":{\"@id\":\"https:\\\/\\\/www.hssaatio.fi\\\/#organization\"},\"potentialAction\":[{\"@type\":\"SearchAction\",\"target\":{\"@type\":\"EntryPoint\",\"urlTemplate\":\"https:\\\/\\\/www.hssaatio.fi\\\/?s={search_term_string}\"},\"query-input\":{\"@type\":\"PropertyValueSpecification\",\"valueRequired\":true,\"valueName\":\"search_term_string\"}}],\"inLanguage\":\"en-US\"},{\"@type\":\"Organization\",\"@id\":\"https:\\\/\\\/www.hssaatio.fi\\\/#organization\",\"name\":\"Helsingin Sanomain S\u00e4\u00e4ti\u00f6\",\"url\":\"https:\\\/\\\/www.hssaatio.fi\\\/\",\"logo\":{\"@type\":\"ImageObject\",\"inLanguage\":\"en-US\",\"@id\":\"https:\\\/\\\/www.hssaatio.fi\\\/#\\\/schema\\\/logo\\\/image\\\/\",\"url\":\"https:\\\/\\\/www.hssaatio.fi\\\/wp-content\\\/uploads\\\/2017\\\/01\\\/cropped-hss-logo-white2x.png\",\"contentUrl\":\"https:\\\/\\\/www.hssaatio.fi\\\/wp-content\\\/uploads\\\/2017\\\/01\\\/cropped-hss-logo-white2x.png\",\"width\":270,\"height\":123,\"caption\":\"Helsingin Sanomain S\u00e4\u00e4ti\u00f6\"},\"image\":{\"@id\":\"https:\\\/\\\/www.hssaatio.fi\\\/#\\\/schema\\\/logo\\\/image\\\/\"}}]}<\/script>\n<!-- \/ Yoast SEO plugin. -->","yoast_head_json":{"title":"Contacts - Helsingin Sanomain S\u00e4\u00e4ti\u00f6","robots":{"index":"index","follow":"follow","max-snippet":"max-snippet:-1","max-image-preview":"max-image-preview:large","max-video-preview":"max-video-preview:-1"},"canonical":"https:\/\/www.hssaatio.fi\/en\/contacts\/","og_locale":"en_US","og_type":"article","og_title":"Contacts - Helsingin Sanomain S\u00e4\u00e4ti\u00f6","og_description":"[vc_row][vc_column width=&#8221;1\/6&#8243;][\/vc_column][vc_column width=&#8221;2\/3&#8243;][vc_gmaps link=&#8221;#E-8_JTNDaWZyYW1lJTIwc3JjJTNEJTIyaHR0cHMlM0ElMkYlMkZ3d3cuZ29vZ2xlLmNvbSUyRm1hcHMlMkZlbWJlZCUzRnBiJTNEJTIxMW0xOCUyMTFtMTIlMjExbTMlMjExZDE5ODQuOTE0MjI3OTg3NDQ5MyUyMTJkMjQuOTQzNTI5OTUyMTM3NTI0JTIxM2Q2MC4xNjU1OTg3ODE4NzA3NCUyMTJtMyUyMTFmMCUyMTJmMCUyMTNmMCUyMTNtMiUyMTFpMTAyNCUyMTJpNzY4JTIxNGYxMy4xJTIxM20zJTIxMW0yJTIxMXMweDQ2OTIwYmM5M2VhN2E4YzUlMjUzQTB4NTZlZTgyODRjMjVkNjM5JTIxMnNLb3JrZWF2dW9yZW5rYXR1JTJCMjglMjUyQyUyQjAwMTAxJTJCSGVsc2lua2klMjE1ZTAlMjEzbTIlMjExc2ZpJTIxMnNmaSUyMTR2MTQ0OTQ5OTQ3NTU5OSUyMiUyMHdpZHRoJTNEJTIyNjAwJTIyJTIwaGVpZ2h0JTNEJTIyNDUwJTIyJTIwZnJhbWVib3JkZXIlM0QlMjIwJTIyJTIwc3R5bGUlM0QlMjJib3JkZXIlM0EwJTIyJTIwYWxsb3dmdWxsc2NyZWVuJTNFJTNDJTJGaWZyYW1lJTNF&#8221; size=&#8221;&#8221;][vc_row_inner][vc_column_inner width=&#8221;1\/2&#8243;][vc_column_text]Postal address: Helsingin Sanomat Foundation Korkeavuorenkatu 28 00130 Helsinki Finland [\/vc_column_text][\/vc_column_inner][vc_column_inner width=&#8221;1\/2&#8243;][vc_column_text]Visiting address: Korkeavuorenkatu 28","og_url":"https:\/\/www.hssaatio.fi\/en\/contacts\/","og_site_name":"Helsingin Sanomain S\u00e4\u00e4ti\u00f6","article_modified_time":"2025-08-08T12:36:31+00:00","og_image":[{"width":300,"height":200,"url":"https:\/\/www.hssaatio.fi\/wp-content\/uploads\/2025\/05\/Saarikoski_Laura_03-e1754656519625.jpeg","type":"image\/jpeg"}],"twitter_card":"summary_large_image","twitter_misc":{"Est. reading time":"2 minutes"},"schema":{"@context":"https:\/\/schema.org","@graph":[{"@type":"WebPage","@id":"https:\/\/www.hssaatio.fi\/en\/contacts\/","url":"https:\/\/www.hssaatio.fi\/en\/contacts\/","name":"Contacts - Helsingin Sanomain S\u00e4\u00e4ti\u00f6","isPartOf":{"@id":"https:\/\/www.hssaatio.fi\/#website"},"primaryImageOfPage":{"@id":"https:\/\/www.hssaatio.fi\/en\/contacts\/#primaryimage"},"image":{"@id":"https:\/\/www.hssaatio.fi\/en\/contacts\/#primaryimage"},"thumbnailUrl":"https:\/\/www.hssaatio.fi\/wp-content\/uploads\/2025\/05\/Saarikoski_Laura_03-e1754656519625.jpeg","datePublished":"2010-01-29T18:59:06+00:00","dateModified":"2025-08-08T12:36:31+00:00","inLanguage":"en-US","potentialAction":[{"@type":"ReadAction","target":["https:\/\/www.hssaatio.fi\/en\/contacts\/"]}]},{"@type":"ImageObject","inLanguage":"en-US","@id":"https:\/\/www.hssaatio.fi\/en\/contacts\/#primaryimage","url":"https:\/\/www.hssaatio.fi\/wp-content\/uploads\/2025\/05\/Saarikoski_Laura_03-e1754656519625.jpeg","contentUrl":"https:\/\/www.hssaatio.fi\/wp-content\/uploads\/2025\/05\/Saarikoski_Laura_03-e1754656519625.jpeg"},{"@type":"WebSite","@id":"https:\/\/www.hssaatio.fi\/#website","url":"https:\/\/www.hssaatio.fi\/","name":"Helsingin Sanomain S\u00e4\u00e4ti\u00f6","description":"Postiosoite PL 35 00089 Sanoma","publisher":{"@id":"https:\/\/www.hssaatio.fi\/#organization"},"potentialAction":[{"@type":"SearchAction","target":{"@type":"EntryPoint","urlTemplate":"https:\/\/www.hssaatio.fi\/?s={search_term_string}"},"query-input":{"@type":"PropertyValueSpecification","valueRequired":true,"valueName":"search_term_string"}}],"inLanguage":"en-US"},{"@type":"Organization","@id":"https:\/\/www.hssaatio.fi\/#organization","name":"Helsingin Sanomain S\u00e4\u00e4ti\u00f6","url":"https:\/\/www.hssaatio.fi\/","logo":{"@type":"ImageObject","inLanguage":"en-US","@id":"https:\/\/www.hssaatio.fi\/#\/schema\/logo\/image\/","url":"https:\/\/www.hssaatio.fi\/wp-content\/uploads\/2017\/01\/cropped-hss-logo-white2x.png","contentUrl":"https:\/\/www.hssaatio.fi\/wp-content\/uploads\/2017\/01\/cropped-hss-logo-white2x.png","width":270,"height":123,"caption":"Helsingin Sanomain S\u00e4\u00e4ti\u00f6"},"image":{"@id":"https:\/\/www.hssaatio.fi\/#\/schema\/logo\/image\/"}}]}},"uagb_featured_image_src":{"full":false,"thumbnail":false,"medium":false,"medium_large":false,"large":false,"1536x1536":false,"2048x2048":false},"uagb_author_info":{"display_name":"hssaatio","author_link":"https:\/\/www.hssaatio.fi\/en\/author\/hssaatio\/"},"uagb_comment_info":0,"uagb_excerpt":"[vc_row][vc_column width=&#8221;1\/6&#8243;][\/vc_column][vc_column width=&#8221;2\/3&#8243;][vc_gmaps link=&#8221;#E-8_JTNDaWZyYW1lJTIwc3JjJTNEJTIyaHR0cHMlM0ElMkYlMkZ3d3cuZ29vZ2xlLmNvbSUyRm1hcHMlMkZlbWJlZCUzRnBiJTNEJTIxMW0xOCUyMTFtMTIlMjExbTMlMjExZDE5ODQuOTE0MjI3OTg3NDQ5MyUyMTJkMjQuOTQzNTI5OTUyMTM3NTI0JTIxM2Q2MC4xNjU1OTg3ODE4NzA3NCUyMTJtMyUyMTFmMCUyMTJmMCUyMTNmMCUyMTNtMiUyMTFpMTAyNCUyMTJpNzY4JTIxNGYxMy4xJTIxM20zJTIxMW0yJTIxMXMweDQ2OTIwYmM5M2VhN2E4YzUlMjUzQTB4NTZlZTgyODRjMjVkNjM5JTIxMnNLb3JrZWF2dW9yZW5rYXR1JTJCMjglMjUyQyUyQjAwMTAxJTJCSGVsc2lua2klMjE1ZTAlMjEzbTIlMjExc2ZpJTIxMnNmaSUyMTR2MTQ0OTQ5OTQ3NTU5OSUyMiUyMHdpZHRoJTNEJTIyNjAwJTIyJTIwaGVpZ2h0JTNEJTIyNDUwJTIyJTIwZnJhbWVib3JkZXIlM0QlMjIwJTIyJTIwc3R5bGUlM0QlMjJib3JkZXIlM0EwJTIyJTIwYWxsb3dmdWxsc2NyZWVuJTNFJTNDJTJGaWZyYW1lJTNF&#8221; size=&#8221;&#8221;][vc_row_inner][vc_column_inner width=&#8221;1\/2&#8243;][vc_column_text]Postal address: Helsingin Sanomat Foundation Korkeavuorenkatu 28 00130 Helsinki Finland [\/vc_column_text][\/vc_column_inner][vc_column_inner width=&#8221;1\/2&#8243;][vc_column_text]Visiting address: Korkeavuorenkatu 28","_links":{"self":[{"href":"https:\/\/www.hssaatio.fi\/en\/wp-json\/wp\/v2\/pages\/1003","targetHints":{"allow":["GET"]}}],"collection":[{"href":"https:\/\/www.hssaatio.fi\/en\/wp-json\/wp\/v2\/pages"}],"about":[{"href":"https:\/\/www.hssaatio.fi\/en\/wp-json\/wp\/v2\/types\/page"}],"author":[{"embeddable":true,"href":"https:\/\/www.hssaatio.fi\/en\/wp-json\/wp\/v2\/users\/1"}],"replies":[{"embeddable":true,"href":"https:\/\/www.hssaatio.fi\/en\/wp-json\/wp\/v2\/comments?post=1003"}],"version-history":[{"count":9,"href":"https:\/\/www.hssaatio.fi\/en\/wp-json\/wp\/v2\/pages\/1003\/revisions"}],"predecessor-version":[{"id":18561,"href":"https:\/\/www.hssaatio.fi\/en\/wp-json\/wp\/v2\/pages\/1003\/revisions\/18561"}],"wp:attachment":[{"href":"https:\/\/www.hssaatio.fi\/en\/wp-json\/wp\/v2\/media?parent=1003"}],"curies":[{"name":"wp","href":"https:\/\/api.w.org\/{rel}","templated":true}]}}